{"id":10374,"date":"2020-03-05T11:08:59","date_gmt":"2020-03-05T09:08:59","guid":{"rendered":"http:\/\/www.kamajugimnazija.lt\/?page_id=10374"},"modified":"2021-10-07T09:27:56","modified_gmt":"2021-10-07T07:27:56","slug":"svarbi-informacija","status":"publish","type":"page","link":"https:\/\/www.kamajugimnazija.lt\/?page_id=10374","title":{"rendered":"Svarbi informacija"},"content":{"rendered":"<p><a href=\"http:\/\/www.kamajugimnazija.lt\/wp-content\/uploads\/2021\/10\/243085250_546730613068580_7764141025688306715_n.png\" target=\"_blank\" rel=\"noopener\"><img fetchpriority=\"high\" decoding=\"async\" class=\"alignnone size-medium wp-image-13130\" src=\"http:\/\/www.kamajugimnazija.lt\/wp-content\/uploads\/2021\/10\/243085250_546730613068580_7764141025688306715_n-217x300.png\" alt=\"\" width=\"217\" height=\"300\" srcset=\"https:\/\/www.kamajugimnazija.lt\/wp-content\/uploads\/2021\/10\/243085250_546730613068580_7764141025688306715_n-217x300.png 217w, https:\/\/www.kamajugimnazija.lt\/wp-content\/uploads\/2021\/10\/243085250_546730613068580_7764141025688306715_n-740x1024.png 740w, https:\/\/www.kamajugimnazija.lt\/wp-content\/uploads\/2021\/10\/243085250_546730613068580_7764141025688306715_n-768x1063.png 768w, https:\/\/www.kamajugimnazija.lt\/wp-content\/uploads\/2021\/10\/243085250_546730613068580_7764141025688306715_n.png 918w\" sizes=\"(max-width: 217px) 100vw, 217px\" \/><\/a><\/p>\n<p><span style=\"color: #0000ff;\"><a style=\"color: #0000ff;\" href=\"https:\/\/www.smm.lt\/web\/lt\/pranesimai_spaudai\/naujienos_1\/mokiniui-gavus-teigiama-savikontroles-testo-atsakyma-likusiai-klasei-taip-pat-rekomenduojama-atlikti-testus\" target=\"_blank\" rel=\"noopener\">https:\/\/www.smm.lt\/web\/lt\/pranesimai_spaudai\/naujienos_1\/mokiniui-gavus-teigiama-savikontroles-testo-atsakyma-likusiai-klasei-taip-pat-rekomenduojama-atlikti-testus<\/a><\/span><\/p>\n<p>&nbsp;<\/p>\n<p><strong>D\u0117l nuotolinio mokymo:<\/strong><\/p>\n<p><span style=\"color: #000000;\"><a style=\"color: #000000;\" href=\"http:\/\/www.kamajugimnazija.lt\/wp-content\/uploads\/2020\/03\/NUOTOLINIO-MOKYMO-KLAUSIMAIS-INFORMACIJ\u0104-TEIKIA.pdf\" target=\"_blank\" rel=\"noopener\"><strong>Roki\u0161kio r. Kamaj\u0173 Antano Strazdo gimnazijoje<\/strong><\/a><\/span><\/p>\n<p><a href=\"http:\/\/www.kamajugimnazija.lt\/wp-content\/uploads\/2020\/03\/NUOTOLINIO-MOKYMO-KLAUSIMAIS-INFORMACIJ\u0104-TEIKIA.pdf\" target=\"_blank\" rel=\"noopener\"><strong><span style=\"color: #000000;\">nuotolinio mokymo klausimais informacij\u0105 teikia:<\/span><\/strong><\/a><\/p>\n<p>&nbsp;<\/p>\n<p><a href=\"http:\/\/www.kamajugimnazija.lt\/wp-content\/uploads\/2020\/03\/Dienotvark\u0117.pdf\" target=\"_blank\" rel=\"noopener\"><strong><span style=\"color: #000000;\">Dienotvark\u0117s nauda: suplanuotas laikas ir \u012fprastas r\u0117\u017eimas be vietos baim\u0117ms<\/span><\/strong><\/a><\/p>\n<p>&nbsp;<\/p>\n<p>&nbsp;<\/p>\n<p style=\"text-align: center;\"><strong>&nbsp;SVARBI&nbsp; informacija mokini\u0173 t\u0117vams&nbsp; (glob\u0117jams, r\u016bpintojams)<\/strong><\/p>\n<p><strong>&nbsp;<\/strong>Paskelbus karantin\u0105, b\u016btina suprasti, kad neorganizuojant ugdymo proceso siekiama minimizuoti galim\u0173 mokinio fizini\u0173 kontakt\u0173&nbsp; kiek\u012f, ypa\u010d vietose, kuriose galimai lankosi daugiau \u017emoni\u0173. Tod\u0117l \u0161eimai tenka atsakomyb\u0117 u\u017e savo&nbsp; vaik\u0173 ir kit\u0173 \u017emoni\u0173 saugum\u0105 laikantis karantino princip\u0173 ir vykdant karantino priemones.<\/p>\n<p style=\"text-align: right;\">&nbsp;\u0160vietimo, mokslo ir sporto ministerija<\/p>\n<p>&nbsp;Gerb. mokini\u0173 t\u0117vai (glob\u0117jai, r\u016bpintojai) pra\u0161ome karantino metu u\u017etikrinti J\u016bs\u0173 vaik\u0173 buvim\u0105 namuose !!!<\/p>\n<p style=\"text-align: right;\"><strong>&nbsp;<\/strong>Gimnazijos administracija<\/p>\n<p>&nbsp;<\/p>\n<p>&nbsp;<\/p>\n<p>Ugdymo procesas gimnazijoje nevyks nuo kovo 13 d. iki kovo 27 d. Vis\u0105 svarbi\u0105 informacij\u0105 pateiksime elektroniniame dienyne.<\/p>\n<p><a href=\"http:\/\/www.kamajugimnazija.lt\/wp-content\/uploads\/2020\/03\/BUPkeitimas-03-12_3.pdf\" target=\"_blank\" rel=\"noopener\"><span style=\"color: #000080;\">Ugdymo proceso pakeitimas<\/span><\/a><\/p>\n<p>&nbsp;<\/p>\n<p style=\"text-align: center;\">D\u0117mesio! Svarbi informacija! Skaitykite. Saugokite save ir artimuosius.<\/p>\n<p>\u0160MSM yra i\u0161platinusi \u0161vietimo padaliniams ir mokykloms SAM rekomendacijas d\u0117l korona viruso prevencijos.<\/p>\n<p>T\u0117vai yra labai susir\u016bpin\u0119 tuo, kas vyksta ir stebi situacij\u0105. Da\u017en\u0117ja skambu\u010di\u0173, kad kai kuriose savivaldyb\u0117se ir\/ar mokyklose yra po\u017eymi\u0173, jog \u012f rekomendacijas niekaip n\u0117ra reaguojama.<\/p>\n<p>B\u016bt\u0173 gerai, kad dar kart\u0105 atkreiptume vadov\u0173 d\u0117mes\u012f ir \u012f tai, jog Lietuvoje paskelbta ekstremali situacija.<\/p>\n<p>\u0160vietimo, mokslo ir sporto ministerijoje nuo vakar reguliariai&nbsp; vyksta ESOC (ekstremali\u0173 situacij\u0173 operacij\u0173 centro) pos\u0117d\u017eiai.<\/p>\n<p>Patikima informacija yra skelbiama Sveikatos apsaugos ministerijos \u010dia: <a href=\"http:\/\/sam.lrv.lt\/lt\/naujienos\/koronavirusas\" data-saferedirecturl=\"https:\/\/www.google.com\/url?q=http:\/\/sam.lrv.lt\/lt\/naujienos\/koronavirusas&amp;source=gmail&amp;ust=1582975453920000&amp;usg=AFQjCNFjT6vYk5Rvbs89ZZRqzGqW6IAY9Q\">http:\/\/sam.lrv.lt\/lt\/naujienos\/koronavirusas<\/a><\/p>\n<p>Kiekvien\u0105 dien\u0105 informacija atnaujinama U\u017ekre\u010diam\u0173 lig\u0173 ir AIDS centro yra \u010dia: <a href=\"http:\/\/www.ulac.lt\/\" data-saferedirecturl=\"https:\/\/www.google.com\/url?q=http:\/\/www.ulac.lt\/&amp;source=gmail&amp;ust=1582975453920000&amp;usg=AFQjCNEp9ueJma7GNWiZyYuMiPimTH9qUQ\">http:\/\/www.ulac.lt\/<\/a><\/p>\n<p>\u0160MSM puslapyje nuo \u0161iandien prad\u0117jo veikti aktuali nuoroda: <a href=\"https:\/\/www.smm.lt\/web\/lt\/del-koronaviruso\" data-saferedirecturl=\"https:\/\/www.google.com\/url?q=https:\/\/www.smm.lt\/web\/lt\/del-koronaviruso&amp;source=gmail&amp;ust=1582975453920000&amp;usg=AFQjCNH9OvTYT5SnhE8qwrMH1YvFv_P21A\">https:\/\/www.smm.lt\/web\/lt\/del-koronaviruso<\/a><\/p>\n","protected":false},"excerpt":{"rendered":"<p>https:\/\/www.smm.lt\/web\/lt\/pranesimai_spaudai\/naujienos_1\/mokiniui-gavus-teigiama-savikontroles-testo-atsakyma-likusiai-klasei-taip-pat-rekomenduojama-atlikti-testus &nbsp; D\u0117l nuotolinio mokymo: Roki\u0161kio r. Kamaj\u0173 Antano Strazdo gimnazijoje nuotolinio mokymo klausimais informacij\u0105 teikia: &nbsp; Dienotvark\u0117s nauda: suplanuotas laikas ir \u012fprastas r\u0117\u017eimas be vietos baim\u0117ms &nbsp; &nbsp; &nbsp;SVARBI&nbsp; informacija mokini\u0173 t\u0117vams&nbsp; (glob\u0117jams, r\u016bpintojams) &nbsp;Paskelbus karantin\u0105, b\u016btina suprasti, kad neorganizuojant ugdymo proceso siekiama minimizuoti galim\u0173 mokinio fizini\u0173 kontakt\u0173&nbsp; kiek\u012f, ypa\u010d vietose, kuriose galimai lankosi [&hellip;]<\/p>\n","protected":false},"author":5,"featured_media":0,"parent":0,"menu_order":0,"comment_status":"closed","ping_status":"closed","template":"","meta":{"site-sidebar-layout":"default","site-content-layout":"","ast-site-content-layout":"default","site-content-style":"default","site-sidebar-style":"default","ast-global-header-display":"","ast-banner-title-visibility":"","ast-main-header-display":"","ast-hfb-above-header-display":"","ast-hfb-below-header-display":"","ast-hfb-mobile-header-display":"","site-post-title":"","ast-breadcrumbs-content":"","ast-featured-img":"","footer-sml-layout":"","ast-disable-related-posts":"","theme-transparent-header-meta":"","adv-header-id-meta":"","stick-header-meta":"","header-above-stick-meta":"","header-main-stick-meta":"","header-below-stick-meta":"","astra-migrate-meta-layouts":"default","ast-page-background-enabled":"default","ast-page-background-meta":{"desktop":{"background-color":"var(--ast-global-color-4)","background-image":"","background-repeat":"repeat","background-position":"center center","background-size":"auto","background-attachment":"scroll","background-type":"","background-media":"","overlay-type":"","overlay-color":"","overlay-opacity":"","overlay-gradient":""},"tablet":{"background-color":"","background-image":"","background-repeat":"repeat","background-position":"center center","background-size":"auto","background-attachment":"scroll","background-type":"","background-media":"","overlay-type":"","overlay-color":"","overlay-opacity":"","overlay-gradient":""},"mobile":{"background-color":"","background-image":"","background-repeat":"repeat","background-position":"center center","background-size":"auto","background-attachment":"scroll","background-type":"","background-media":"","overlay-type":"","overlay-color":"","overlay-opacity":"","overlay-gradient":""}},"ast-content-background-meta":{"desktop":{"background-color":"var(--ast-global-color-5)","background-image":"","background-repeat":"repeat","background-position":"center center","background-size":"auto","background-attachment":"scroll","background-type":"","background-media":"","overlay-type":"","overlay-color":"","overlay-opacity":"","overlay-gradient":""},"tablet":{"background-color":"var(--ast-global-color-5)","background-image":"","background-repeat":"repeat","background-position":"center center","background-size":"auto","background-attachment":"scroll","background-type":"","background-media":"","overlay-type":"","overlay-color":"","overlay-opacity":"","overlay-gradient":""},"mobile":{"background-color":"var(--ast-global-color-5)","background-image":"","background-repeat":"repeat","background-position":"center center","background-size":"auto","background-attachment":"scroll","background-type":"","background-media":"","overlay-type":"","overlay-color":"","overlay-opacity":"","overlay-gradient":""}},"ngg_post_thumbnail":0,"_themeisle_gutenberg_block_has_review":false,"footnotes":""},"class_list":["post-10374","page","type-page","status-publish","hentry"],"_links":{"self":[{"href":"https:\/\/www.kamajugimnazija.lt\/index.php?rest_route=\/wp\/v2\/pages\/10374","targetHints":{"allow":["GET"]}}],"collection":[{"href":"https:\/\/www.kamajugimnazija.lt\/index.php?rest_route=\/wp\/v2\/pages"}],"about":[{"href":"https:\/\/www.kamajugimnazija.lt\/index.php?rest_route=\/wp\/v2\/types\/page"}],"author":[{"embeddable":true,"href":"https:\/\/www.kamajugimnazija.lt\/index.php?rest_route=\/wp\/v2\/users\/5"}],"replies":[{"embeddable":true,"href":"https:\/\/www.kamajugimnazija.lt\/index.php?rest_route=%2Fwp%2Fv2%2Fcomments&post=10374"}],"version-history":[{"count":0,"href":"https:\/\/www.kamajugimnazija.lt\/index.php?rest_route=\/wp\/v2\/pages\/10374\/revisions"}],"wp:attachment":[{"href":"https:\/\/www.kamajugimnazija.lt\/index.php?rest_route=%2Fwp%2Fv2%2Fmedia&parent=10374"}],"curies":[{"name":"wp","href":"https:\/\/api.w.org\/{rel}","templated":true}]}}