{"id":13232,"date":"2021-10-15T07:17:28","date_gmt":"2021-10-15T05:17:28","guid":{"rendered":"http:\/\/www.kamajugimnazija.lt\/?page_id=13232"},"modified":"2026-04-24T08:23:16","modified_gmt":"2026-04-24T06:23:16","slug":"nykstuku-grupe","status":"publish","type":"page","link":"https:\/\/www.kamajugimnazija.lt\/?page_id=13232","title":{"rendered":"Nyk\u0161tuk\u0173 grup\u0117"},"content":{"rendered":"<h1 style=\"text-align: center;\"><a href=\"https:\/\/www.kamajugimnazija.lt\/wp-content\/uploads\/2025\/10\/NYKSTUKU-grupe-scaled.png\"><img fetchpriority=\"high\" decoding=\"async\" class=\"alignnone wp-image-24622 size-full\" src=\"https:\/\/www.kamajugimnazija.lt\/wp-content\/uploads\/2025\/10\/NYKSTUKU-grupe-scaled.png\" alt=\"\" width=\"1810\" height=\"2560\" srcset=\"https:\/\/www.kamajugimnazija.lt\/wp-content\/uploads\/2025\/10\/NYKSTUKU-grupe-scaled.png 1810w, https:\/\/www.kamajugimnazija.lt\/wp-content\/uploads\/2025\/10\/NYKSTUKU-grupe-212x300.png 212w, https:\/\/www.kamajugimnazija.lt\/wp-content\/uploads\/2025\/10\/NYKSTUKU-grupe-724x1024.png 724w, https:\/\/www.kamajugimnazija.lt\/wp-content\/uploads\/2025\/10\/NYKSTUKU-grupe-768x1086.png 768w, https:\/\/www.kamajugimnazija.lt\/wp-content\/uploads\/2025\/10\/NYKSTUKU-grupe-1086x1536.png 1086w, https:\/\/www.kamajugimnazija.lt\/wp-content\/uploads\/2025\/10\/NYKSTUKU-grupe-1448x2048.png 1448w, https:\/\/www.kamajugimnazija.lt\/wp-content\/uploads\/2025\/10\/NYKSTUKU-grupe-8x12.png 8w\" sizes=\"(max-width: 1810px) 100vw, 1810px\" \/><\/a><\/h1>\n<div id=\":vj\" class=\"ii gt\">\n<div id=\":si\" class=\"a3s aiL\">\n<h2 dir=\"auto\">Rajoniniame prie\u0161mokyklinuk\u0173 renginyje ,,Linksoji gimtadienio mank\u0161ta&#8221;.<\/h2>\nngg_shortcode_0_placeholder\n<h2>Pamin\u0117jome pasaulin\u0119 Motinos \u017dem\u0117s dien\u0105.<\/h2>\nngg_shortcode_1_placeholder\n<h2 dir=\"auto\">Projekto ,,\u010ciulba ulba pauk\u0161teliai&#8221; pauk\u0161\u010di\u0173 lipdymo renginys Nyk\u0161tuk\u0173 grup\u0117je.<\/h2>\n<h4 dir=\"auto\">Pauk\u0161\u010dius i\u0161 molio lipd\u0117 bendruomen\u0117s nariai.<\/h4>\n<p dir=\"auto\">ngg_shortcode_2_placeholder<\/p>\n<h2 dir=\"auto\">Nyk\u0161tukai dalyvauja edukacijoje ,,Drambliai \u0117jo \u012f sve\u010dius&#8221;.<\/h2>\nngg_shortcode_3_placeholder\n<div id=\"avWBGd-707\">\n<h2 dir=\"auto\">Ny\u0161tuk\u0173 grup\u0117s didysis margutis.<\/h2>\n<div dir=\"auto\">Jis dalyvauja respublikiniame projekte ,,Vaik\u0173 Velyk\u0117l\u0117s&#8221;<\/div>\n<div dir=\"auto\">ngg_shortcode_4_placeholder<\/div>\n<h2 dir=\"auto\">NYK\u0160TUKAI RESPUBLIKIN\u0116JE TEATR\u0172 \u0160VENT\u0116JE &#8222;DEIMAN\u010cIUKAI&#8221; SV\u0116DASUOSE<\/h2>\nngg_shortcode_5_placeholder\n<h1 dir=\"auto\">Nyk\u0161tuk\u0173 grup\u0117s vaikai spektaklyje ,,Skambantys skai\u010diai &#8221;<\/h1>\n<\/div>\n<\/div>\nngg_shortcode_6_placeholder\n<div id=\":si\" class=\"a3s aiL\">\n<div id=\"avWBGd-707\">\n<h1 dir=\"auto\">NYK\u0160TUK\u0172 grup\u0117s atstov\u0117s Vanesa ir Barbora skaitov\u0173 konkurse ,, Kalb\u0117kim savo kra\u0161to kalba&#8221;.&nbsp;<\/h1>\n<h1 dir=\"auto\">ngg_shortcode_7_placeholder<\/h1>\n<p>&nbsp;<\/p>\n<h1 dir=\"auto\">Pramogos ant kalno<\/h1>\n<p>&nbsp;<\/p>\nngg_shortcode_8_placeholder\n<h1>Augintinio diena.<\/h1>\n<p><span style=\"font-size: 32px;\">Vaikai ruo\u0161\u0117 pristatymus ir draugams pasakojo apie savo augintinius.<\/span><\/p>\n<div class=\"yj6qo\">ngg_shortcode_9_placeholder<\/div>\n<div class=\"adL\">&nbsp;<\/div>\n<\/div>\n<\/div>\n<\/div>\n<div id=\":t4\" class=\"hq gt\">&nbsp;<\/div>\n<h1>Atsisveikinome su \u017eiema. Kartu su mumis buvo mamos, t\u0117\u010diai, broliai, ses\u0117s, mo\u010diut\u0117s.<\/h1>\nngg_shortcode_10_placeholder\n<h1>Vaik\u0173 kelion\u0117s po Lietuv\u0105 su \u0161eima.<\/h1>\n<div dir=\"auto\">Vaikai ruo\u0161\u0117 nam\u0173 darbus ir pristat\u0117 draugams.<\/div>\n<div dir=\"auto\">ngg_shortcode_11_placeholder<\/div>\n<h1>Kelion\u0117 po Lietuv\u0105<\/h1>\nngg_shortcode_12_placeholder\n<h1>Vyko Nyk\u0161tuk\u0173 grup\u0117s \u0161eim\u0173 pagamint\u0173 eglu\u010di\u0173 paroda &#8222;Eglut\u0117 kitaip&#8221;<\/h1>\nngg_shortcode_13_placeholder\n<h2>Viskas apie snieg\u0105, snaiges, besmegenius ir \u017eiemos pramogas.<\/h2>\nngg_shortcode_14_placeholder\n<h2><span style=\"font-size: large;\"><br \/>\n<\/span>Sausio 13-toji &#8211; Laisv\u0117s gyn\u0117j\u0173 diena<\/h2>\nngg_shortcode_15_placeholder\n<h2>Edukacin\u0117 i\u0161vyka \u012f Roki\u0161kio kra\u0161to muziej\u0173 ir susitikimas su Kal\u0117d\u0173 Seneliu<\/h2>\nngg_shortcode_16_placeholder\n<h3>Nyk\u0161tuk\u0173 grup\u0117s bendruomen\u0117s kal\u0117din\u0117s dirbtuv\u0117l\u0117s<\/h3>\nngg_shortcode_17_placeholder\n<h3>Tolerancijos gatv\u0117.<br \/>\nMin\u0117jome tolerancijos dien\u0105 ir prisijung\u0117me prie Respublikin\u0117s akcijos<\/h3>\nngg_shortcode_18_placeholder\n<h3>Vie\u0161nag\u0117 Kamaj\u0173 bibliotekoje<\/h3>\nngg_shortcode_19_placeholder\n<h3>Apie \u017evaig\u017edes ir \u017evaig\u017edynus<\/h3>\nngg_shortcode_20_placeholder\n<h3>Dalyvaujame respublikiniame projekte \u201eSkirtukas 2025\u201c<br \/>\n<a href=\"https:\/\/www.kamajugimnazija.lt\/wp-content\/uploads\/2025\/11\/Dalyvaujame-respublikiniame-projekte-Skirtukas-2025-scaled.jpg\"><img decoding=\"async\" class=\"alignnone size-full wp-image-24788\" src=\"https:\/\/www.kamajugimnazija.lt\/wp-content\/uploads\/2025\/11\/Dalyvaujame-respublikiniame-projekte-Skirtukas-2025-scaled.jpg\" alt=\"\" width=\"2560\" height=\"1920\" srcset=\"https:\/\/www.kamajugimnazija.lt\/wp-content\/uploads\/2025\/11\/Dalyvaujame-respublikiniame-projekte-Skirtukas-2025-scaled.jpg 2560w, https:\/\/www.kamajugimnazija.lt\/wp-content\/uploads\/2025\/11\/Dalyvaujame-respublikiniame-projekte-Skirtukas-2025-300x225.jpg 300w, https:\/\/www.kamajugimnazija.lt\/wp-content\/uploads\/2025\/11\/Dalyvaujame-respublikiniame-projekte-Skirtukas-2025-1024x768.jpg 1024w, https:\/\/www.kamajugimnazija.lt\/wp-content\/uploads\/2025\/11\/Dalyvaujame-respublikiniame-projekte-Skirtukas-2025-768x576.jpg 768w, https:\/\/www.kamajugimnazija.lt\/wp-content\/uploads\/2025\/11\/Dalyvaujame-respublikiniame-projekte-Skirtukas-2025-1536x1152.jpg 1536w, https:\/\/www.kamajugimnazija.lt\/wp-content\/uploads\/2025\/11\/Dalyvaujame-respublikiniame-projekte-Skirtukas-2025-2048x1536.jpg 2048w, https:\/\/www.kamajugimnazija.lt\/wp-content\/uploads\/2025\/11\/Dalyvaujame-respublikiniame-projekte-Skirtukas-2025-16x12.jpg 16w\" sizes=\"(max-width: 2560px) 100vw, 2560px\" \/><\/a><\/h3>\n<h3>Dalyvaujame respublikiniame projekte \u201eRudens \u0161\u0117lsmas\u201c<\/h3>\nngg_shortcode_21_placeholder\n<h3>Susipa\u017e\u012fstame su emocijomis<\/h3>\nngg_shortcode_22_placeholder\n<h3>Didieji Nyk\u0161tukai rajoniniame plenere &#8222;Dovana Roki\u0161kiui&#8221;<\/h3>\n<p><a href=\"https:\/\/www.kamajugimnazija.lt\/wp-content\/uploads\/2025\/11\/idieji-Nykstukai-rajoniniame-plenere-Dovana-Rokiskiui.jpg\"><img decoding=\"async\" class=\"alignnone size-full wp-image-24776\" src=\"https:\/\/www.kamajugimnazija.lt\/wp-content\/uploads\/2025\/11\/idieji-Nykstukai-rajoniniame-plenere-Dovana-Rokiskiui.jpg\" alt=\"\" width=\"2200\" height=\"2200\" srcset=\"https:\/\/www.kamajugimnazija.lt\/wp-content\/uploads\/2025\/11\/idieji-Nykstukai-rajoniniame-plenere-Dovana-Rokiskiui.jpg 2200w, https:\/\/www.kamajugimnazija.lt\/wp-content\/uploads\/2025\/11\/idieji-Nykstukai-rajoniniame-plenere-Dovana-Rokiskiui-300x300.jpg 300w, https:\/\/www.kamajugimnazija.lt\/wp-content\/uploads\/2025\/11\/idieji-Nykstukai-rajoniniame-plenere-Dovana-Rokiskiui-1024x1024.jpg 1024w, https:\/\/www.kamajugimnazija.lt\/wp-content\/uploads\/2025\/11\/idieji-Nykstukai-rajoniniame-plenere-Dovana-Rokiskiui-150x150.jpg 150w, https:\/\/www.kamajugimnazija.lt\/wp-content\/uploads\/2025\/11\/idieji-Nykstukai-rajoniniame-plenere-Dovana-Rokiskiui-768x768.jpg 768w, https:\/\/www.kamajugimnazija.lt\/wp-content\/uploads\/2025\/11\/idieji-Nykstukai-rajoniniame-plenere-Dovana-Rokiskiui-1536x1536.jpg 1536w, https:\/\/www.kamajugimnazija.lt\/wp-content\/uploads\/2025\/11\/idieji-Nykstukai-rajoniniame-plenere-Dovana-Rokiskiui-2048x2048.jpg 2048w, https:\/\/www.kamajugimnazija.lt\/wp-content\/uploads\/2025\/11\/idieji-Nykstukai-rajoniniame-plenere-Dovana-Rokiskiui-12x12.jpg 12w\" sizes=\"(max-width: 2200px) 100vw, 2200px\" \/><\/a><\/p>\n<p>&nbsp;<\/p>\n<h3>Ma\u017eieji Nyk\u0161tukai rajoniniame etno renginyje \u201eSuk ratel\u012f\u201c<\/h3>\nngg_shortcode_23_placeholder\n<h3>Smagios akimirkos baseine<\/h3>\nngg_shortcode_24_placeholder\n<h3>\u017daidimai gamtoje<\/h3>\n<p>ngg_shortcode_25_placeholderLabas, mes Nyk\u0161tukai!<\/p>\nngg_shortcode_26_placeholder\n<h3>&nbsp;<\/h3>\n<h3>\u201eNyk\u0161tukai\u201c atsisveikino su \u017eiema<\/h3>\nngg_shortcode_27_placeholder\n<h3>&nbsp;<\/h3>\n<h3>&nbsp;<\/h3>\n<h3 class=\"art-postheader\"><span class=\"art-postheadericon\">,,Nyk\u0161tuk\u0173\u2018\u2018 i\u0161vyka<\/span><\/h3>\nngg_shortcode_28_placeholder\n<p>&nbsp;<\/p>\n<h3><span class=\"art-postheadericon\">Rudenin\u0117 ,,Nyk\u0161tuk\u0173\u2018\u2018 tvora<\/span><\/h3>\nngg_shortcode_29_placeholder\n<p>&nbsp;<\/p>\n<h3><span class=\"art-postheadericon\"><strong>&nbsp;<\/strong><\/span><strong>,,Nyk\u0161tukai\u2018\u2018 \u0161vent\u0117je \u201eKuc kuc Kamajuos\u201c <\/strong><\/h3>\nngg_shortcode_30_placeholder\n<p>&nbsp;<\/p>\n<p>&nbsp;<\/p>\n<h3><span class=\"art-postheadericon\"><strong>&nbsp;<\/strong><\/span><strong>Lik sveikas, dar\u017eeli!<\/strong><\/h3>\nngg_shortcode_31_placeholder\n<p>&nbsp;<\/p>\n<p>&nbsp;<\/p>\n<p>&nbsp;<\/p>\n<h3><span class=\"art-postheadericon\"><strong>&nbsp;<\/strong><\/span><strong>,,Nyk\u0161tuk\u0173\u201c bir\u017eelio pirmoji<\/strong><\/h3>\nngg_shortcode_32_placeholder\n<p>&nbsp;<\/p>\n<h3><span class=\"art-postheadericon\"><strong>&nbsp;<\/strong><\/span><strong>,,Nyk\u0161tuk\u0173\u201c&nbsp; \u017ealioji palang\u0117 \u2014 laureat\u0117<br \/>\n<\/strong><\/h3>\nngg_shortcode_33_placeholder\n<p>&nbsp;<\/p>\n<p>&nbsp;<\/p>\n<h3><span class=\"art-postheadericon\"><strong>&nbsp;<\/strong><\/span><strong>,,Nyk\u0161tukai\u2018\u2018 Juodup\u0117je<\/strong><\/h3>\nngg_shortcode_34_placeholder\n<h3><strong>&nbsp;<\/strong><\/h3>\n<p>&nbsp;<\/p>\n<p>&nbsp;<\/p>\n<p>&nbsp;<\/p>\n<h3><span class=\"art-postheadericon\"><strong>&nbsp;<\/strong><\/span><strong>B<\/strong><strong>uvo smagu!<\/strong><\/h3>\nngg_shortcode_35_placeholder\n<p>&nbsp;<\/p>\n<h3><span class=\"art-postheadericon\"><strong>&nbsp;<\/strong><\/span><strong>Bitu\u010di\u0173 gyvenimas i\u0161 arti<\/strong><\/h3>\nngg_shortcode_36_placeholder\n<h3>&nbsp;<\/h3>\n<h3>&nbsp;<\/h3>\n<h3>&nbsp;<\/h3>\n<h3><span class=\"art-postheadericon\"><strong>,,Nyk\u0161tukai\u2018\u2018 muziejuje<br \/>\n<\/strong><\/span><\/h3>\nngg_shortcode_37_placeholder\n<p>&nbsp;<\/p>\n<p>&nbsp;<\/p>\n<h3><span class=\"art-postheadericon\"><strong>Baland\u017eio 2-oji \u2014 Tarptautin\u0117 vaik\u0173 knygos diena<br \/>\n<\/strong><\/span><\/h3>\nngg_shortcode_38_placeholder\n<p>&nbsp;<\/p>\n<p>&nbsp;<\/p>\n<h3><span class=\"art-postheadericon\"><strong>Meil\u0117 \u017eemei ir gamtai \u2014 nuo ma\u017eens<\/strong><\/span><\/h3>\nngg_shortcode_39_placeholder\n<p>&nbsp;<\/p>\n<p>&nbsp;<\/p>\n<h3><span class=\"art-postheadericon\"><strong>,,Nyk\u0161tuk\u0173\u2018\u2018 Kal\u0117dos<br \/>\n<\/strong><\/span><\/h3>\nngg_shortcode_40_placeholder\n<p>&nbsp;<\/p>\n<h3><span class=\"art-postheadericon\"><strong><span style=\"color: #000000;\">Rudeniniai Nyk\u0161tuk\u0173 \u017eaidimai<\/span><br \/>\n<\/strong><\/span><\/h3>\nngg_shortcode_41_placeholder\n<h3 class=\"art-postheader\"><span class=\"art-postheadericon\"><strong>Smagi patirtis<\/strong><\/span><\/h3>\nngg_shortcode_42_placeholder\n<h3 class=\"art-postheader\"><strong><span class=\"art-postheadericon\">Vasaros \u0161vent\u0117<\/span><\/strong><\/h3>\nngg_shortcode_43_placeholder\n<h3 class=\"art-postheader\"><span class=\"art-postheadericon\"><strong>Buvome veikl\u016bs<\/strong><\/span><\/h3>\nngg_shortcode_44_placeholder\n<h3 class=\"art-postheader\"><span class=\"art-postheadericon\"><strong>M\u016bs\u0173 darbeliai Lietuvai<\/strong><\/span><\/h3>\nngg_shortcode_45_placeholder\n<h3 class=\"art-postheader\"><strong><span class=\"art-postheadericon\">Smagus ,,Nyk\u0161tuk\u0173\u2018\u2018 sausis<\/span><\/strong><\/h3>\nngg_shortcode_46_placeholder\n","protected":false},"excerpt":{"rendered":"<p>Rajoniniame prie\u0161mokyklinuk\u0173 renginyje ,,Linksoji gimtadienio mank\u0161ta&#8221;. Pamin\u0117jome pasaulin\u0119 Motinos \u017dem\u0117s dien\u0105. Projekto ,,\u010ciulba ulba pauk\u0161teliai&#8221; pauk\u0161\u010di\u0173 lipdymo renginys Nyk\u0161tuk\u0173 grup\u0117je. Pauk\u0161\u010dius i\u0161 molio lipd\u0117 bendruomen\u0117s nariai. Nyk\u0161tukai dalyvauja edukacijoje ,,Drambliai \u0117jo \u012f sve\u010dius&#8221;. Ny\u0161tuk\u0173 grup\u0117s didysis margutis. Jis dalyvauja respublikiniame projekte ,,Vaik\u0173 Velyk\u0117l\u0117s&#8221; NYK\u0160TUKAI RESPUBLIKIN\u0116JE TEATR\u0172 \u0160VENT\u0116JE &#8222;DEIMAN\u010cIUKAI&#8221; SV\u0116DASUOSE Nyk\u0161tuk\u0173 grup\u0117s vaikai spektaklyje ,,Skambantys skai\u010diai [&hellip;]<\/p>\n","protected":false},"author":5,"featured_media":0,"parent":0,"menu_order":0,"comment_status":"closed","ping_status":"closed","template":"","meta":{"site-sidebar-layout":"default","site-content-layout":"","ast-site-content-layout":"default","site-content-style":"default","site-sidebar-style":"default","ast-global-header-display":"","ast-banner-title-visibility":"","ast-main-header-display":"","ast-hfb-above-header-display":"","ast-hfb-below-header-display":"","ast-hfb-mobile-header-display":"","site-post-title":"","ast-breadcrumbs-content":"","ast-featured-img":"","footer-sml-layout":"","ast-disable-related-posts":"","theme-transparent-header-meta":"default","adv-header-id-meta":"","stick-header-meta":"","header-above-stick-meta":"","header-main-stick-meta":"","header-below-stick-meta":"","astra-migrate-meta-layouts":"set","ast-page-background-enabled":"default","ast-page-background-meta":{"desktop":{"background-color":"var(--ast-global-color-4)","background-image":"","background-repeat":"repeat","background-position":"center center","background-size":"auto","background-attachment":"scroll","background-type":"","background-media":"","overlay-type":"","overlay-color":"","overlay-opacity":"","overlay-gradient":""},"tablet":{"background-color":"","background-image":"","background-repeat":"repeat","background-position":"center center","background-size":"auto","background-attachment":"scroll","background-type":"","background-media":"","overlay-type":"","overlay-color":"","overlay-opacity":"","overlay-gradient":""},"mobile":{"background-color":"","background-image":"","background-repeat":"repeat","background-position":"center center","background-size":"auto","background-attachment":"scroll","background-type":"","background-media":"","overlay-type":"","overlay-color":"","overlay-opacity":"","overlay-gradient":""}},"ast-content-background-meta":{"desktop":{"background-color":"var(--ast-global-color-5)","background-image":"","background-repeat":"repeat","background-position":"center center","background-size":"auto","background-attachment":"scroll","background-type":"","background-media":"","overlay-type":"","overlay-color":"","overlay-opacity":"","overlay-gradient":""},"tablet":{"background-color":"var(--ast-global-color-5)","background-image":"","background-repeat":"repeat","background-position":"center center","background-size":"auto","background-attachment":"scroll","background-type":"","background-media":"","overlay-type":"","overlay-color":"","overlay-opacity":"","overlay-gradient":""},"mobile":{"background-color":"var(--ast-global-color-5)","background-image":"","background-repeat":"repeat","background-position":"center center","background-size":"auto","background-attachment":"scroll","background-type":"","background-media":"","overlay-type":"","overlay-color":"","overlay-opacity":"","overlay-gradient":""}},"ngg_post_thumbnail":0,"_themeisle_gutenberg_block_has_review":false,"footnotes":""},"class_list":["post-13232","page","type-page","status-publish","hentry"],"_links":{"self":[{"href":"https:\/\/www.kamajugimnazija.lt\/index.php?rest_route=\/wp\/v2\/pages\/13232","targetHints":{"allow":["GET"]}}],"collection":[{"href":"https:\/\/www.kamajugimnazija.lt\/index.php?rest_route=\/wp\/v2\/pages"}],"about":[{"href":"https:\/\/www.kamajugimnazija.lt\/index.php?rest_route=\/wp\/v2\/types\/page"}],"author":[{"embeddable":true,"href":"https:\/\/www.kamajugimnazija.lt\/index.php?rest_route=\/wp\/v2\/users\/5"}],"replies":[{"embeddable":true,"href":"https:\/\/www.kamajugimnazija.lt\/index.php?rest_route=%2Fwp%2Fv2%2Fcomments&post=13232"}],"version-history":[{"count":25,"href":"https:\/\/www.kamajugimnazija.lt\/index.php?rest_route=\/wp\/v2\/pages\/13232\/revisions"}],"predecessor-version":[{"id":26353,"href":"https:\/\/www.kamajugimnazija.lt\/index.php?rest_route=\/wp\/v2\/pages\/13232\/revisions\/26353"}],"wp:attachment":[{"href":"https:\/\/www.kamajugimnazija.lt\/index.php?rest_route=%2Fwp%2Fv2%2Fmedia&parent=13232"}],"curies":[{"name":"wp","href":"https:\/\/api.w.org\/{rel}","templated":true}]}}