{"id":14034,"date":"2022-03-22T15:12:28","date_gmt":"2022-03-22T13:12:28","guid":{"rendered":"https:\/\/www.kamajugimnazija.lt\/?page_id=14034"},"modified":"2025-04-30T09:18:23","modified_gmt":"2025-04-30T07:18:23","slug":"linksmosios-knygeles","status":"publish","type":"page","link":"https:\/\/www.kamajugimnazija.lt\/?page_id=14034","title":{"rendered":"Linksmosios knygel\u0117s"},"content":{"rendered":"\n<figure class=\"wp-block-embed is-type-wp-embed is-provider-book-creator wp-block-embed-book-creator\"><div class=\"wp-block-embed__wrapper\">\n<iframe class=\"wp-embedded-content\" sandbox=\"allow-scripts\" security=\"restricted\" title=\"Tau, Mamyte (2025)\" width=\"500\" height=\"500\" src=\"https:\/\/read.bookcreator.com\/incKKZC7nVhizsWuHMgUDtrhVL53\/wI9xjvUeTHeufAzVBfX3lg#?secret=48D9m44HqK\" data-secret=\"48D9m44HqK\" frameborder=\"0\"><\/iframe>\n<\/div><\/figure>\n\n\n\n<figure class=\"wp-block-embed is-type-wp-embed is-provider-book-creator wp-block-embed-book-creator\"><div class=\"wp-block-embed__wrapper\">\n<iframe class=\"wp-embedded-content\" sandbox=\"allow-scripts\" security=\"restricted\" title=\"Lai\u0161kas Mamai\" width=\"500\" height=\"500\" src=\"https:\/\/read.bookcreator.com\/incKKZC7nVhizsWuHMgUDtrhVL53\/u65cqCeSSZ2X9qz0SDBreA#?secret=DUKeLF3WDb\" data-secret=\"DUKeLF3WDb\" frameborder=\"0\"><\/iframe>\n<\/div><\/figure>\n\n\n\n<figure class=\"wp-block-embed is-type-wp-embed is-provider-book-creator wp-block-embed-book-creator\"><div class=\"wp-block-embed__wrapper\">\n<iframe class=\"wp-embedded-content\" sandbox=\"allow-scripts\" security=\"restricted\" title=\"Antano Strazdo atminimui\" width=\"500\" height=\"375\" src=\"https:\/\/read.bookcreator.com\/incKKZC7nVhizsWuHMgUDtrhVL53\/jLxmxO2kSl2W-pQglkonJQ#?secret=HlyTIvMsyW\" data-secret=\"HlyTIvMsyW\" frameborder=\"0\"><\/iframe>\n<\/div><\/figure>\n\n\n\n<figure class=\"wp-block-embed is-type-wp-embed is-provider-book-creator wp-block-embed-book-creator\"><div class=\"wp-block-embed__wrapper\">\n<iframe class=\"wp-embedded-content\" sandbox=\"allow-scripts\" security=\"restricted\" title=\"A\u010di\u016b, \u017eiema\" width=\"500\" height=\"375\" src=\"https:\/\/read.bookcreator.com\/Z3wX016D9YPWSe4cWwV3hxbZ9mh1\/ujp6Z-JqQgibpuNAKBuBkw#?secret=m09AVSAtLU\" data-secret=\"m09AVSAtLU\" frameborder=\"0\"><\/iframe>\n<\/div><\/figure>\n\n\n\n<p>&nbsp;<\/p>\n\n\n\n<figure class=\"wp-block-embed is-type-wp-embed is-provider-book-creator wp-block-embed-book-creator\"><div class=\"wp-block-embed__wrapper\">\n<iframe class=\"wp-embedded-content\" sandbox=\"allow-scripts\" security=\"restricted\" title=\"Sveika, vasar\u0117le\" width=\"500\" height=\"375\" src=\"https:\/\/read.bookcreator.com\/incKKZC7nVhizsWuHMgUDtrhVL53\/yi2YL6FgRZaZsYsmpQ0kBQ#?secret=smR6sZESDg\" data-secret=\"smR6sZESDg\" frameborder=\"0\"><\/iframe>\n<\/div><\/figure>\n\n\n\n<p>&nbsp;<\/p>\n\n\n\n<figure class=\"wp-block-embed is-type-wp-embed is-provider-book-creator wp-block-embed-book-creator\"><div class=\"wp-block-embed__wrapper\">\n<iframe class=\"wp-embedded-content\" sandbox=\"allow-scripts\" security=\"restricted\" title=\"Nuo pa\u017einimo- sveikatos link\" width=\"500\" height=\"500\" src=\"https:\/\/read.bookcreator.com\/Z3wX016D9YPWSe4cWwV3hxbZ9mh1\/X3Zn8JA7RuKPNOlFY1Cfvw#?secret=gOa70V1sil\" data-secret=\"gOa70V1sil\" frameborder=\"0\"><\/iframe>\n<\/div><\/figure>\n\n\n\n<p>&nbsp;<\/p>\n\n\n\n<figure class=\"wp-block-embed is-type-wp-embed is-provider-book-creator wp-block-embed-book-creator\"><div class=\"wp-block-embed__wrapper\">\n<iframe class=\"wp-embedded-content\" sandbox=\"allow-scripts\" security=\"restricted\" title=\"Vaikyst\u0117s kal\u0117dos\" width=\"500\" height=\"375\" src=\"https:\/\/read.bookcreator.com\/incKKZC7nVhizsWuHMgUDtrhVL53\/6quh4I_WSoem5rQkUbw6bg#?secret=w3R5lAr1A3\" data-secret=\"w3R5lAr1A3\" frameborder=\"0\"><\/iframe>\n<\/div><\/figure>\n\n\n\n<p>&nbsp;<\/p>\n\n\n\n<figure class=\"wp-block-embed is-type-wp-embed is-provider-book-creator wp-block-embed-book-creator\"><div class=\"wp-block-embed__wrapper\">\n<iframe class=\"wp-embedded-content\" sandbox=\"allow-scripts\" security=\"restricted\" title=\"Garb\u0117s knyga\" width=\"500\" height=\"500\" src=\"https:\/\/read.bookcreator.com\/incKKZC7nVhizsWuHMgUDtrhVL53\/n26iU_DSQt-zC_SQu1eULA#?secret=z6qguXROwH\" data-secret=\"z6qguXROwH\" frameborder=\"0\"><\/iframe>\n<\/div><\/figure>\n\n\n\n<p>&nbsp;<\/p>\n\n\n\n<figure class=\"wp-block-embed is-type-wp-embed is-provider-book-creator wp-block-embed-book-creator\"><div class=\"wp-block-embed__wrapper\">\n<iframe class=\"wp-embedded-content\" sandbox=\"allow-scripts\" security=\"restricted\" title=\"sveikata visus metus 2021. baland\u017eio i\u0161\u0161\u016bkis\" width=\"500\" height=\"375\" src=\"https:\/\/read.bookcreator.com\/Z3wX016D9YPWSe4cWwV3hxbZ9mh1\/DBNrvHtRQr6ObM7T2p7GEg#?secret=UaHnmvN23g\" data-secret=\"UaHnmvN23g\" frameborder=\"0\"><\/iframe>\n<\/div><\/figure>\n\n\n\n<p>&nbsp;<\/p>\n\n\n\n<figure class=\"wp-block-embed is-type-wp-embed is-provider-book-creator wp-block-embed-book-creator\"><div class=\"wp-block-embed__wrapper\">\n<iframe class=\"wp-embedded-content\" sandbox=\"allow-scripts\" security=\"restricted\" title=\"Sveikata visus metus 2021 (kovas)\" width=\"500\" height=\"500\" src=\"https:\/\/read.bookcreator.com\/incKKZC7nVhizsWuHMgUDtrhVL53\/NqwSJhO6Q7KxEetVF_oQVg#?secret=gaI2zUQs2F\" data-secret=\"gaI2zUQs2F\" frameborder=\"0\"><\/iframe>\n<\/div><\/figure>\n\n\n\n<p>&nbsp;<\/p>\n\n\n\n<figure class=\"wp-block-embed is-type-wp-embed is-provider-book-creator wp-block-embed-book-creator\"><div class=\"wp-block-embed__wrapper\">\n<iframe class=\"wp-embedded-content\" sandbox=\"allow-scripts\" security=\"restricted\" title=\"lik sveikas, dar\u017eeli!\" width=\"500\" height=\"375\" src=\"https:\/\/read.bookcreator.com\/Z3wX016D9YPWSe4cWwV3hxbZ9mh1\/11MrMYtmTEeg2Ox_mYljtQ#?secret=G2PRilzLqQ\" data-secret=\"G2PRilzLqQ\" frameborder=\"0\"><\/iframe>\n<\/div><\/figure>\n\n\n\n<p>&nbsp;<\/p>\n\n\n\n<figure class=\"wp-block-embed is-type-wp-embed is-provider-book-creator wp-block-embed-book-creator\"><div class=\"wp-block-embed__wrapper\">\n<iframe class=\"wp-embedded-content\" sandbox=\"allow-scripts\" security=\"restricted\" title=\"Sveikata visus metus (lapkritis)\" width=\"500\" height=\"500\" src=\"https:\/\/read.bookcreator.com\/incKKZC7nVhizsWuHMgUDtrhVL53\/_dYa8V3AS2amf0vSV5M6zg#?secret=8gBpSo4KDG\" data-secret=\"8gBpSo4KDG\" frameborder=\"0\"><\/iframe>\n<\/div><\/figure>\n\n\n\n<p>&nbsp;<\/p>\n\n\n\n<figure class=\"wp-block-embed is-type-wp-embed is-provider-book-creator wp-block-embed-book-creator\"><div class=\"wp-block-embed__wrapper\">\n<iframe class=\"wp-embedded-content\" sandbox=\"allow-scripts\" security=\"restricted\" title=\"Tikro draugo diena\" width=\"500\" height=\"500\" src=\"https:\/\/read.bookcreator.com\/incKKZC7nVhizsWuHMgUDtrhVL53\/IYhc-iAaQzuTXiPFt97vhg#?secret=Io4iwhJ6KX\" data-secret=\"Io4iwhJ6KX\" frameborder=\"0\"><\/iframe>\n<\/div><\/figure>\n","protected":false},"excerpt":{"rendered":"<p>&nbsp; &nbsp; &nbsp; &nbsp; &nbsp; &nbsp; &nbsp; &nbsp; &nbsp;<\/p>\n","protected":false},"author":5,"featured_media":0,"parent":0,"menu_order":0,"comment_status":"closed","ping_status":"closed","template":"","meta":{"site-sidebar-layout":"default","site-content-layout":"","ast-site-content-layout":"default","site-content-style":"default","site-sidebar-style":"default","ast-global-header-display":"","ast-banner-title-visibility":"","ast-main-header-display":"","ast-hfb-above-header-display":"","ast-hfb-below-header-display":"","ast-hfb-mobile-header-display":"","site-post-title":"","ast-breadcrumbs-content":"","ast-featured-img":"","footer-sml-layout":"","ast-disable-related-posts":"","theme-transparent-header-meta":"default","adv-header-id-meta":"","stick-header-meta":"","header-above-stick-meta":"","header-main-stick-meta":"","header-below-stick-meta":"","astra-migrate-meta-layouts":"set","ast-page-background-enabled":"default","ast-page-background-meta":{"desktop":{"background-color":"var(--ast-global-color-4)","background-image":"","background-repeat":"repeat","background-position":"center center","background-size":"auto","background-attachment":"scroll","background-type":"","background-media":"","overlay-type":"","overlay-color":"","overlay-opacity":"","overlay-gradient":""},"tablet":{"background-color":"","background-image":"","background-repeat":"repeat","background-position":"center center","background-size":"auto","background-attachment":"scroll","background-type":"","background-media":"","overlay-type":"","overlay-color":"","overlay-opacity":"","overlay-gradient":""},"mobile":{"background-color":"","background-image":"","background-repeat":"repeat","background-position":"center center","background-size":"auto","background-attachment":"scroll","background-type":"","background-media":"","overlay-type":"","overlay-color":"","overlay-opacity":"","overlay-gradient":""}},"ast-content-background-meta":{"desktop":{"background-color":"var(--ast-global-color-5)","background-image":"","background-repeat":"repeat","background-position":"center center","background-size":"auto","background-attachment":"scroll","background-type":"","background-media":"","overlay-type":"","overlay-color":"","overlay-opacity":"","overlay-gradient":""},"tablet":{"background-color":"var(--ast-global-color-5)","background-image":"","background-repeat":"repeat","background-position":"center center","background-size":"auto","background-attachment":"scroll","background-type":"","background-media":"","overlay-type":"","overlay-color":"","overlay-opacity":"","overlay-gradient":""},"mobile":{"background-color":"var(--ast-global-color-5)","background-image":"","background-repeat":"repeat","background-position":"center center","background-size":"auto","background-attachment":"scroll","background-type":"","background-media":"","overlay-type":"","overlay-color":"","overlay-opacity":"","overlay-gradient":""}},"ngg_post_thumbnail":0,"_themeisle_gutenberg_block_has_review":false,"footnotes":""},"class_list":["post-14034","page","type-page","status-publish","hentry"],"_links":{"self":[{"href":"https:\/\/www.kamajugimnazija.lt\/index.php?rest_route=\/wp\/v2\/pages\/14034","targetHints":{"allow":["GET"]}}],"collection":[{"href":"https:\/\/www.kamajugimnazija.lt\/index.php?rest_route=\/wp\/v2\/pages"}],"about":[{"href":"https:\/\/www.kamajugimnazija.lt\/index.php?rest_route=\/wp\/v2\/types\/page"}],"author":[{"embeddable":true,"href":"https:\/\/www.kamajugimnazija.lt\/index.php?rest_route=\/wp\/v2\/users\/5"}],"replies":[{"embeddable":true,"href":"https:\/\/www.kamajugimnazija.lt\/index.php?rest_route=%2Fwp%2Fv2%2Fcomments&post=14034"}],"version-history":[{"count":0,"href":"https:\/\/www.kamajugimnazija.lt\/index.php?rest_route=\/wp\/v2\/pages\/14034\/revisions"}],"wp:attachment":[{"href":"https:\/\/www.kamajugimnazija.lt\/index.php?rest_route=%2Fwp%2Fv2%2Fmedia&parent=14034"}],"curies":[{"name":"wp","href":"https:\/\/api.w.org\/{rel}","templated":true}]}}