{"id":2048,"date":"2014-01-10T11:51:33","date_gmt":"2014-01-10T11:51:33","guid":{"rendered":"http:\/\/www.kamajugimnazija.lt\/?page_id=2048"},"modified":"2023-11-21T12:14:21","modified_gmt":"2023-11-21T10:14:21","slug":"viesieji-pirkimai","status":"publish","type":"page","link":"https:\/\/www.kamajugimnazija.lt\/?page_id=2048","title":{"rendered":"Vie\u0161ieji pirkimai"},"content":{"rendered":"<p><span style=\"color: #000000;\"><a style=\"color: #000000;\" href=\"https:\/\/www.kamajugimnazija.lt\/wp-content\/uploads\/2022\/03\/VPP2022.pdf\" target=\"_blank\" rel=\"noopener\">Vie\u0161\u0173j\u0173 pirkim\u0173 planas 2022 m.<\/a><\/span><\/p>\n<p><a href=\"http:\/\/www.kamajugimnazija.lt\/wp-content\/uploads\/2021\/03\/Pirkimu-planas-2021.pdf\" target=\"_blank\" rel=\"noopener\"><span style=\"color: #000000;\">Vie\u0161\u0173j\u0173 pirkim\u0173 planas 2021 m.<\/span><\/a><\/p>\n<p><a href=\"http:\/\/www.kamajugimnazija.lt\/wp-content\/uploads\/2020\/10\/Vie\u0161\u0173j\u0173-pirkim\u0173-apra\u0161as-2020-10-08.pdf\" target=\"_blank\" rel=\"noopener\"><span style=\"color: #000000;\">Vie\u0161\u0173j\u0173 pirkim\u0173 apra\u0161as 2020-10<\/span><\/a><\/p>\n<p><a href=\"http:\/\/www.kamajugimnazija.lt\/wp-content\/uploads\/2020\/03\/VP_2020.pdf\" target=\"_blank\" rel=\"noopener\"><span style=\"color: #000000;\">Vie\u0161\u0173j\u0173 pirkim\u0173 planas 2020 m.<\/span><\/a><\/p>\n<p><a href=\"http:\/\/www.kamajugimnazija.lt\/wp-content\/uploads\/2019\/03\/20190315_150652.pdf\" target=\"_blank\" rel=\"noopener\"><span style=\"color: #000000;\">Vie\u0161\u0173j\u0173 pirkim\u0173 planas 2019 m.<\/span><\/a><\/p>\n<p><span style=\"color: #000000;\"><a style=\"color: #000000;\" href=\"https:\/\/www.kamajugimnazija.lt\/wp-content\/uploads\/2023\/11\/Centralizuotu-ir-decentralizuotu-viesuju-pirkimu-vykdymo-ir-vidaus-kontroles-tvarkos-aprasas-2.pdf\">Vie\u0161\u0173j\u0173 pirkim\u0173 vykdymo tvarkos apra\u0161as<\/a><\/span><\/p>\n<p><a href=\"http:\/\/www.kamajugimnazija.lt\/wp-content\/uploads\/2020\/01\/Vie\u0161\u0173j\u0173-pirkim\u0173-reglamentas.pdf\" target=\"_blank\" rel=\"noopener\"><span style=\"color: #000000;\">Vie\u0161\u0173j\u0173 pirkim\u0173 reglamentas<\/span><\/a><\/p>\n<p><span style=\"color: #000000;\"><a style=\"color: #000000;\" href=\"http:\/\/www.kamajugimnazija.lt\/wp-content\/uploads\/2016\/01\/VIE\u0160\u0172J\u0172-PIRKIM\u0172-REGISTRACIJOS-\u017dURNALAS-2017-M.-01-05-m\u0117n..pdf\" target=\"_blank\" rel=\"noopener\">Vie\u0161\u0173j\u0173 pirkim\u0173 registracijos \u017eurnalas 2017 sausio m\u0117n.<\/a><\/span><\/p>\n<p><span style=\"color: #000000;\"><a style=\"color: #000000;\" href=\"http:\/\/www.kamajugimnazija.lt\/wp-content\/uploads\/2016\/01\/Vie\u0161\u0173j\u0173-pirkim\u0173-planas-2017-m.-geras.pdf\" target=\"_blank\" rel=\"noopener\">Vie\u0161\u0173j\u0173 pirkim\u0173 planas 2017 m. <\/a><\/span><\/p>\n","protected":false},"excerpt":{"rendered":"<p>Vie\u0161\u0173j\u0173 pirkim\u0173 planas 2022 m. Vie\u0161\u0173j\u0173 pirkim\u0173 planas 2021 m. Vie\u0161\u0173j\u0173 pirkim\u0173 apra\u0161as 2020-10 Vie\u0161\u0173j\u0173 pirkim\u0173 planas 2020 m. Vie\u0161\u0173j\u0173 pirkim\u0173 planas 2019 m. Vie\u0161\u0173j\u0173 pirkim\u0173 vykdymo tvarkos apra\u0161as Vie\u0161\u0173j\u0173 pirkim\u0173 reglamentas Vie\u0161\u0173j\u0173 pirkim\u0173 registracijos \u017eurnalas 2017 sausio m\u0117n. Vie\u0161\u0173j\u0173 pirkim\u0173 planas 2017 m.<\/p>\n","protected":false},"author":5,"featured_media":0,"parent":0,"menu_order":0,"comment_status":"closed","ping_status":"open","template":"","meta":{"site-sidebar-layout":"default","site-content-layout":"","ast-site-content-layout":"default","site-content-style":"default","site-sidebar-style":"default","ast-global-header-display":"","ast-banner-title-visibility":"","ast-main-header-display":"","ast-hfb-above-header-display":"","ast-hfb-below-header-display":"","ast-hfb-mobile-header-display":"","site-post-title":"","ast-breadcrumbs-content":"","ast-featured-img":"","footer-sml-layout":"","ast-disable-related-posts":"","theme-transparent-header-meta":"","adv-header-id-meta":"","stick-header-meta":"","header-above-stick-meta":"","header-main-stick-meta":"","header-below-stick-meta":"","astra-migrate-meta-layouts":"default","ast-page-background-enabled":"default","ast-page-background-meta":{"desktop":{"background-color":"var(--ast-global-color-4)","background-image":"","background-repeat":"repeat","background-position":"center center","background-size":"auto","background-attachment":"scroll","background-type":"","background-media":"","overlay-type":"","overlay-color":"","overlay-opacity":"","overlay-gradient":""},"tablet":{"background-color":"","background-image":"","background-repeat":"repeat","background-position":"center center","background-size":"auto","background-attachment":"scroll","background-type":"","background-media":"","overlay-type":"","overlay-color":"","overlay-opacity":"","overlay-gradient":""},"mobile":{"background-color":"","background-image":"","background-repeat":"repeat","background-position":"center center","background-size":"auto","background-attachment":"scroll","background-type":"","background-media":"","overlay-type":"","overlay-color":"","overlay-opacity":"","overlay-gradient":""}},"ast-content-background-meta":{"desktop":{"background-color":"var(--ast-global-color-5)","background-image":"","background-repeat":"repeat","background-position":"center center","background-size":"auto","background-attachment":"scroll","background-type":"","background-media":"","overlay-type":"","overlay-color":"","overlay-opacity":"","overlay-gradient":""},"tablet":{"background-color":"var(--ast-global-color-5)","background-image":"","background-repeat":"repeat","background-position":"center center","background-size":"auto","background-attachment":"scroll","background-type":"","background-media":"","overlay-type":"","overlay-color":"","overlay-opacity":"","overlay-gradient":""},"mobile":{"background-color":"var(--ast-global-color-5)","background-image":"","background-repeat":"repeat","background-position":"center center","background-size":"auto","background-attachment":"scroll","background-type":"","background-media":"","overlay-type":"","overlay-color":"","overlay-opacity":"","overlay-gradient":""}},"ngg_post_thumbnail":0,"_themeisle_gutenberg_block_has_review":false,"footnotes":""},"class_list":["post-2048","page","type-page","status-publish","hentry"],"_links":{"self":[{"href":"https:\/\/www.kamajugimnazija.lt\/index.php?rest_route=\/wp\/v2\/pages\/2048","targetHints":{"allow":["GET"]}}],"collection":[{"href":"https:\/\/www.kamajugimnazija.lt\/index.php?rest_route=\/wp\/v2\/pages"}],"about":[{"href":"https:\/\/www.kamajugimnazija.lt\/index.php?rest_route=\/wp\/v2\/types\/page"}],"author":[{"embeddable":true,"href":"https:\/\/www.kamajugimnazija.lt\/index.php?rest_route=\/wp\/v2\/users\/5"}],"replies":[{"embeddable":true,"href":"https:\/\/www.kamajugimnazija.lt\/index.php?rest_route=%2Fwp%2Fv2%2Fcomments&post=2048"}],"version-history":[{"count":0,"href":"https:\/\/www.kamajugimnazija.lt\/index.php?rest_route=\/wp\/v2\/pages\/2048\/revisions"}],"wp:attachment":[{"href":"https:\/\/www.kamajugimnazija.lt\/index.php?rest_route=%2Fwp%2Fv2%2Fmedia&parent=2048"}],"curies":[{"name":"wp","href":"https:\/\/api.w.org\/{rel}","templated":true}]}}