{"id":21080,"date":"2024-08-12T09:19:55","date_gmt":"2024-08-12T07:19:55","guid":{"rendered":"https:\/\/www.kamajugimnazija.lt\/?page_id=21080"},"modified":"2024-08-12T10:59:39","modified_gmt":"2024-08-12T08:59:39","slug":"poveikio-ex-post-vertinimas","status":"publish","type":"page","link":"https:\/\/www.kamajugimnazija.lt\/?page_id=21080","title":{"rendered":"Poveikio ex post vertinimas"},"content":{"rendered":"\t\t<div data-elementor-type=\"wp-page\" data-elementor-id=\"21080\" class=\"elementor elementor-21080\">\n\t\t\t\t<div class=\"elementor-element elementor-element-3ef8ed8 e-flex e-con-boxed e-con e-parent\" data-id=\"3ef8ed8\" data-element_type=\"container\" data-e-type=\"container\">\n\t\t\t\t\t<div class=\"e-con-inner\">\n\t\t\t\t<div class=\"elementor-element elementor-element-114c207 elementor-widget-divider--view-line elementor-widget elementor-widget-divider\" data-id=\"114c207\" data-element_type=\"widget\" data-e-type=\"widget\" data-widget_type=\"divider.default\">\n\t\t\t\t<div class=\"elementor-widget-container\">\n\t\t\t\t\t\t\t<div class=\"elementor-divider\">\n\t\t\t<span class=\"elementor-divider-separator\">\n\t\t\t\t\t\t<\/span>\n\t\t<\/div>\n\t\t\t\t\t\t<\/div>\n\t\t\t\t<\/div>\n\t\t\t\t\t<\/div>\n\t\t\t\t<\/div>\n\t\t<div class=\"elementor-element elementor-element-98b3d55 e-flex e-con-boxed e-con e-parent\" data-id=\"98b3d55\" data-element_type=\"container\" data-e-type=\"container\">\n\t\t\t\t\t<div class=\"e-con-inner\">\n\t\t\t\t<div class=\"elementor-element elementor-element-8abecba elementor-widget elementor-widget-text-editor\" data-id=\"8abecba\" data-element_type=\"widget\" data-e-type=\"widget\" data-widget_type=\"text-editor.default\">\n\t\t\t\t<div class=\"elementor-widget-container\">\n\t\t\t\t\t\t\t\t\t<h4><\/h4>\n<h4>Teisinio reguliavimo steb\u0117sen\u0105 atlieka ministerijos, \u012fstaigos prie ministerij\u0173 ir kitos Vyriausyb\u0117s institucijos ir \u012fstaigos pagal teis\u0117s aktuose nustatyt\u0105 kompetencij\u0105 (Teisinio reguliavimo steb\u0117senos atlikimo tvarkos apra\u0161o, patvirtinto Lietuvos Respublikos teisingumo ministro 2013 m. gegu\u017e\u0117s 8 d. \u012fsakymu Nr. 1R-142, 5 punktas).<\/h4>\n<h4><\/h4>\n<h4>Daugiau informacijos galite rasti <a href=\"https:\/\/e-seimas.lrs.lt\/portal\/legalAct\/lt\/TAD\/6cb6bfd4b15311eba6328c92adabc234?positionInSearchResults=14&amp;searchModelUUID=b1579e87-5b04-48bf-ab39-11afef4b3b3c\" target=\"_blank\" rel=\"noreferrer noopener\">\u010dia<\/a>.<\/h4>\n<h4><\/h4>\n<h4>Roki\u0161kio r. Kamaj\u0173 Antano Strazdo gimnazija neatlieka galiojan\u010dio teisinio reguliavimo poveikio ex-post vertinimo.<\/h4>\n<h4><\/h4>\n<h4>\u00a0<\/h4>\n<h4><\/h4>\t\t\t\t\t\t\t\t<\/div>\n\t\t\t\t<\/div>\n\t\t\t\t\t<\/div>\n\t\t\t\t<\/div>\n\t\t<div class=\"elementor-element elementor-element-cbb3e3b e-flex e-con-boxed e-con e-parent\" data-id=\"cbb3e3b\" data-element_type=\"container\" data-e-type=\"container\">\n\t\t\t\t\t<div class=\"e-con-inner\">\n\t\t\t\t<div class=\"elementor-element elementor-element-c2af155 elementor-widget-divider--view-line elementor-widget elementor-widget-divider\" data-id=\"c2af155\" data-element_type=\"widget\" data-e-type=\"widget\" data-widget_type=\"divider.default\">\n\t\t\t\t<div class=\"elementor-widget-container\">\n\t\t\t\t\t\t\t<div class=\"elementor-divider\">\n\t\t\t<span class=\"elementor-divider-separator\">\n\t\t\t\t\t\t<\/span>\n\t\t<\/div>\n\t\t\t\t\t\t<\/div>\n\t\t\t\t<\/div>\n\t\t\t\t\t<\/div>\n\t\t\t\t<\/div>\n\t\t\t\t<\/div>\n\t\t","protected":false},"excerpt":{"rendered":"<p>Teisinio reguliavimo steb\u0117sen\u0105 atlieka ministerijos, \u012fstaigos prie ministerij\u0173 ir kitos Vyriausyb\u0117s institucijos ir \u012fstaigos pagal teis\u0117s aktuose nustatyt\u0105 kompetencij\u0105 (Teisinio reguliavimo steb\u0117senos atlikimo tvarkos apra\u0161o, patvirtinto Lietuvos Respublikos teisingumo ministro 2013 m. gegu\u017e\u0117s 8 d. \u012fsakymu Nr. 1R-142, 5 punktas). Daugiau informacijos galite rasti \u010dia. Roki\u0161kio r. Kamaj\u0173 Antano Strazdo gimnazija neatlieka galiojan\u010dio teisinio reguliavimo [&hellip;]<\/p>\n","protected":false},"author":5,"featured_media":0,"parent":0,"menu_order":0,"comment_status":"closed","ping_status":"closed","template":"","meta":{"site-sidebar-layout":"default","site-content-layout":"","ast-site-content-layout":"default","site-content-style":"default","site-sidebar-style":"default","ast-global-header-display":"","ast-banner-title-visibility":"","ast-main-header-display":"","ast-hfb-above-header-display":"","ast-hfb-below-header-display":"","ast-hfb-mobile-header-display":"","site-post-title":"","ast-breadcrumbs-content":"","ast-featured-img":"","footer-sml-layout":"","ast-disable-related-posts":"","theme-transparent-header-meta":"","adv-header-id-meta":"","stick-header-meta":"","header-above-stick-meta":"","header-main-stick-meta":"","header-below-stick-meta":"","astra-migrate-meta-layouts":"default","ast-page-background-enabled":"default","ast-page-background-meta":{"desktop":{"background-color":"var(--ast-global-color-4)","background-image":"","background-repeat":"repeat","background-position":"center center","background-size":"auto","background-attachment":"scroll","background-type":"","background-media":"","overlay-type":"","overlay-color":"","overlay-opacity":"","overlay-gradient":""},"tablet":{"background-color":"","background-image":"","background-repeat":"repeat","background-position":"center center","background-size":"auto","background-attachment":"scroll","background-type":"","background-media":"","overlay-type":"","overlay-color":"","overlay-opacity":"","overlay-gradient":""},"mobile":{"background-color":"","background-image":"","background-repeat":"repeat","background-position":"center center","background-size":"auto","background-attachment":"scroll","background-type":"","background-media":"","overlay-type":"","overlay-color":"","overlay-opacity":"","overlay-gradient":""}},"ast-content-background-meta":{"desktop":{"background-color":"var(--ast-global-color-5)","background-image":"","background-repeat":"repeat","background-position":"center center","background-size":"auto","background-attachment":"scroll","background-type":"","background-media":"","overlay-type":"","overlay-color":"","overlay-opacity":"","overlay-gradient":""},"tablet":{"background-color":"var(--ast-global-color-5)","background-image":"","background-repeat":"repeat","background-position":"center center","background-size":"auto","background-attachment":"scroll","background-type":"","background-media":"","overlay-type":"","overlay-color":"","overlay-opacity":"","overlay-gradient":""},"mobile":{"background-color":"var(--ast-global-color-5)","background-image":"","background-repeat":"repeat","background-position":"center center","background-size":"auto","background-attachment":"scroll","background-type":"","background-media":"","overlay-type":"","overlay-color":"","overlay-opacity":"","overlay-gradient":""}},"ngg_post_thumbnail":0,"_themeisle_gutenberg_block_has_review":false,"footnotes":""},"class_list":["post-21080","page","type-page","status-publish","hentry"],"_links":{"self":[{"href":"https:\/\/www.kamajugimnazija.lt\/index.php?rest_route=\/wp\/v2\/pages\/21080","targetHints":{"allow":["GET"]}}],"collection":[{"href":"https:\/\/www.kamajugimnazija.lt\/index.php?rest_route=\/wp\/v2\/pages"}],"about":[{"href":"https:\/\/www.kamajugimnazija.lt\/index.php?rest_route=\/wp\/v2\/types\/page"}],"author":[{"embeddable":true,"href":"https:\/\/www.kamajugimnazija.lt\/index.php?rest_route=\/wp\/v2\/users\/5"}],"replies":[{"embeddable":true,"href":"https:\/\/www.kamajugimnazija.lt\/index.php?rest_route=%2Fwp%2Fv2%2Fcomments&post=21080"}],"version-history":[{"count":0,"href":"https:\/\/www.kamajugimnazija.lt\/index.php?rest_route=\/wp\/v2\/pages\/21080\/revisions"}],"wp:attachment":[{"href":"https:\/\/www.kamajugimnazija.lt\/index.php?rest_route=%2Fwp%2Fv2%2Fmedia&parent=21080"}],"curies":[{"name":"wp","href":"https:\/\/api.w.org\/{rel}","templated":true}]}}