{"id":21103,"date":"2024-08-12T10:47:02","date_gmt":"2024-08-12T08:47:02","guid":{"rendered":"https:\/\/www.kamajugimnazija.lt\/?page_id=21103"},"modified":"2024-08-12T10:48:59","modified_gmt":"2024-08-12T08:48:59","slug":"teisine-informacija-2","status":"publish","type":"page","link":"https:\/\/www.kamajugimnazija.lt\/?page_id=21103","title":{"rendered":"Teisin\u0117 informacija"},"content":{"rendered":"\t\t<div data-elementor-type=\"wp-page\" data-elementor-id=\"21103\" class=\"elementor elementor-21103\">\n\t\t\t\t<div class=\"elementor-element elementor-element-e85898f e-flex e-con-boxed e-con e-parent\" data-id=\"e85898f\" data-element_type=\"container\" data-e-type=\"container\">\n\t\t\t\t\t<div class=\"e-con-inner\">\n\t\t\t\t<div class=\"elementor-element elementor-element-548e8fe elementor-widget-divider--view-line elementor-widget elementor-widget-divider\" data-id=\"548e8fe\" data-element_type=\"widget\" data-e-type=\"widget\" data-widget_type=\"divider.default\">\n\t\t\t\t<div class=\"elementor-widget-container\">\n\t\t\t\t\t\t\t<div class=\"elementor-divider\">\n\t\t\t<span class=\"elementor-divider-separator\">\n\t\t\t\t\t\t<\/span>\n\t\t<\/div>\n\t\t\t\t\t\t<\/div>\n\t\t\t\t<\/div>\n\t\t\t\t\t<\/div>\n\t\t\t\t<\/div>\n\t\t<div class=\"elementor-element elementor-element-3295910f e-flex e-con-boxed e-con e-parent\" data-id=\"3295910f\" data-element_type=\"container\" data-e-type=\"container\">\n\t\t\t\t\t<div class=\"e-con-inner\">\n\t\t\t\t<div class=\"elementor-element elementor-element-4506e556 elementor-widget elementor-widget-text-editor\" data-id=\"4506e556\" data-element_type=\"widget\" data-e-type=\"widget\" data-widget_type=\"text-editor.default\">\n\t\t\t\t<div class=\"elementor-widget-container\">\n\t\t\t\t\t\t\t\t\t\n<figure class=\"wp-block-embed is-type-wp-embed is-provider-roki-kio-r-kamaj-antano-strazdo-gimnazija wp-block-embed-roki-kio-r-kamaj-antano-strazdo-gimnazija\"><div class=\"wp-block-embed__wrapper\">\n<blockquote class=\"wp-embedded-content\" data-secret=\"Y8SDYYSR0R\"><a href=\"https:\/\/www.kamajugimnazija.lt\/?page_id=21086\">Teis\u0117s akt\u0173 pa\u017eeidimai<\/a><\/blockquote><iframe class=\"wp-embedded-content\" sandbox=\"allow-scripts\" security=\"restricted\" style=\"position: absolute; visibility: hidden;\" title=\"&#8220;Teis\u0117s akt\u0173 pa\u017eeidimai&#8221; &#8212; Roki\u0161kio r. Kamaj\u0173 Antano Strazdo gimnazija\" src=\"https:\/\/www.kamajugimnazija.lt\/?page_id=21086&#038;embed=true#?secret=8Nk4dmOOGt#?secret=Y8SDYYSR0R\" data-secret=\"Y8SDYYSR0R\" width=\"500\" height=\"282\" frameborder=\"0\" marginwidth=\"0\" marginheight=\"0\" scrolling=\"no\"><\/iframe>\n<\/div><\/figure>\n\n\n\n<figure class=\"wp-block-embed is-type-wp-embed is-provider-roki-kio-r-kamaj-antano-strazdo-gimnazija wp-block-embed-roki-kio-r-kamaj-antano-strazdo-gimnazija\"><div class=\"wp-block-embed__wrapper\">\n<blockquote class=\"wp-embedded-content\" data-secret=\"9pJaxjS7GW\"><a href=\"https:\/\/www.kamajugimnazija.lt\/?page_id=21080\">Poveikio ex post vertinimas<\/a><\/blockquote><iframe class=\"wp-embedded-content\" sandbox=\"allow-scripts\" security=\"restricted\" style=\"position: absolute; visibility: hidden;\" title=\"&#8220;Poveikio ex post vertinimas&#8221; &#8212; Roki\u0161kio r. Kamaj\u0173 Antano Strazdo gimnazija\" src=\"https:\/\/www.kamajugimnazija.lt\/?page_id=21080&#038;embed=true#?secret=KFRBkVMDw5#?secret=9pJaxjS7GW\" data-secret=\"9pJaxjS7GW\" width=\"500\" height=\"282\" frameborder=\"0\" marginwidth=\"0\" marginheight=\"0\" scrolling=\"no\"><\/iframe>\n<\/div><\/figure>\n\n\n\n<figure class=\"wp-block-embed is-type-wp-embed is-provider-roki-kio-r-kamaj-antano-strazdo-gimnazija wp-block-embed-roki-kio-r-kamaj-antano-strazdo-gimnazija\"><div class=\"wp-block-embed__wrapper\">\n<blockquote class=\"wp-embedded-content\" data-secret=\"lWAfFkp6Fy\"><a href=\"https:\/\/www.kamajugimnazija.lt\/?page_id=21075\">Tyrimai ir analiz\u0117s<\/a><\/blockquote><iframe class=\"wp-embedded-content\" sandbox=\"allow-scripts\" security=\"restricted\" style=\"position: absolute; visibility: hidden;\" title=\"&#8220;Tyrimai ir analiz\u0117s&#8221; &#8212; Roki\u0161kio r. Kamaj\u0173 Antano Strazdo gimnazija\" src=\"https:\/\/www.kamajugimnazija.lt\/?page_id=21075&#038;embed=true#?secret=lBjnC8H9Gs#?secret=lWAfFkp6Fy\" data-secret=\"lWAfFkp6Fy\" width=\"500\" height=\"282\" frameborder=\"0\" marginwidth=\"0\" marginheight=\"0\" scrolling=\"no\"><\/iframe>\n<\/div><\/figure>\n\n\n\n<figure class=\"wp-block-embed is-type-wp-embed is-provider-roki-kio-r-kamaj-antano-strazdo-gimnazija wp-block-embed-roki-kio-r-kamaj-antano-strazdo-gimnazija\"><div class=\"wp-block-embed__wrapper\">\n<blockquote class=\"wp-embedded-content\" data-secret=\"RcMiuHaLye\"><a href=\"https:\/\/www.kamajugimnazija.lt\/?page_id=21070\">Teis\u0117s akt\u0173 projektai<\/a><\/blockquote><iframe class=\"wp-embedded-content\" sandbox=\"allow-scripts\" security=\"restricted\" style=\"position: absolute; visibility: hidden;\" title=\"&#8220;Teis\u0117s akt\u0173 projektai&#8221; &#8212; Roki\u0161kio r. Kamaj\u0173 Antano Strazdo gimnazija\" src=\"https:\/\/www.kamajugimnazija.lt\/?page_id=21070&#038;embed=true#?secret=rQeZY9EsYX#?secret=RcMiuHaLye\" data-secret=\"RcMiuHaLye\" width=\"500\" height=\"282\" frameborder=\"0\" marginwidth=\"0\" marginheight=\"0\" scrolling=\"no\"><\/iframe>\n<\/div><\/figure>\n\n\n\n<figure class=\"wp-block-embed is-type-wp-embed is-provider-roki-kio-r-kamaj-antano-strazdo-gimnazija wp-block-embed-roki-kio-r-kamaj-antano-strazdo-gimnazija\"><div class=\"wp-block-embed__wrapper\">\n<blockquote class=\"wp-embedded-content\" data-secret=\"J1IkI6kgQt\"><a href=\"https:\/\/www.kamajugimnazija.lt\/?page_id=21065\">Pagrindiniai dokumentai, reglamentuojantys\u00a0 gimnazijos veikl\u0105:<\/a><\/blockquote><iframe class=\"wp-embedded-content\" sandbox=\"allow-scripts\" security=\"restricted\" style=\"position: absolute; visibility: hidden;\" title=\"&#8220;Pagrindiniai dokumentai, reglamentuojantys\u00a0 gimnazijos veikl\u0105:&#8221; &#8212; Roki\u0161kio r. Kamaj\u0173 Antano Strazdo gimnazija\" src=\"https:\/\/www.kamajugimnazija.lt\/?page_id=21065&#038;embed=true#?secret=HMhdNhMghC#?secret=J1IkI6kgQt\" data-secret=\"J1IkI6kgQt\" width=\"500\" height=\"282\" frameborder=\"0\" marginwidth=\"0\" marginheight=\"0\" scrolling=\"no\"><\/iframe>\n<\/div><\/figure>\n\t\t\t\t\t\t\t\t<\/div>\n\t\t\t\t<\/div>\n\t\t\t\t\t<\/div>\n\t\t\t\t<\/div>\n\t\t<div class=\"elementor-element elementor-element-0ab0f18 e-flex e-con-boxed e-con e-parent\" data-id=\"0ab0f18\" data-element_type=\"container\" data-e-type=\"container\">\n\t\t\t\t\t<div class=\"e-con-inner\">\n\t\t\t\t<div class=\"elementor-element elementor-element-c276e37 elementor-widget-divider--view-line elementor-widget elementor-widget-divider\" data-id=\"c276e37\" data-element_type=\"widget\" data-e-type=\"widget\" data-widget_type=\"divider.default\">\n\t\t\t\t<div class=\"elementor-widget-container\">\n\t\t\t\t\t\t\t<div class=\"elementor-divider\">\n\t\t\t<span class=\"elementor-divider-separator\">\n\t\t\t\t\t\t<\/span>\n\t\t<\/div>\n\t\t\t\t\t\t<\/div>\n\t\t\t\t<\/div>\n\t\t\t\t\t<\/div>\n\t\t\t\t<\/div>\n\t\t\t\t<\/div>\n\t\t","protected":false},"excerpt":{"rendered":"","protected":false},"author":5,"featured_media":0,"parent":0,"menu_order":0,"comment_status":"closed","ping_status":"closed","template":"","meta":{"site-sidebar-layout":"default","site-content-layout":"","ast-site-content-layout":"default","site-content-style":"default","site-sidebar-style":"default","ast-global-header-display":"","ast-banner-title-visibility":"","ast-main-header-display":"","ast-hfb-above-header-display":"","ast-hfb-below-header-display":"","ast-hfb-mobile-header-display":"","site-post-title":"","ast-breadcrumbs-content":"","ast-featured-img":"","footer-sml-layout":"","ast-disable-related-posts":"","theme-transparent-header-meta":"","adv-header-id-meta":"","stick-header-meta":"","header-above-stick-meta":"","header-main-stick-meta":"","header-below-stick-meta":"","astra-migrate-meta-layouts":"default","ast-page-background-enabled":"default","ast-page-background-meta":{"desktop":{"background-color":"var(--ast-global-color-4)","background-image":"","background-repeat":"repeat","background-position":"center center","background-size":"auto","background-attachment":"scroll","background-type":"","background-media":"","overlay-type":"","overlay-color":"","overlay-opacity":"","overlay-gradient":""},"tablet":{"background-color":"","background-image":"","background-repeat":"repeat","background-position":"center center","background-size":"auto","background-attachment":"scroll","background-type":"","background-media":"","overlay-type":"","overlay-color":"","overlay-opacity":"","overlay-gradient":""},"mobile":{"background-color":"","background-image":"","background-repeat":"repeat","background-position":"center center","background-size":"auto","background-attachment":"scroll","background-type":"","background-media":"","overlay-type":"","overlay-color":"","overlay-opacity":"","overlay-gradient":""}},"ast-content-background-meta":{"desktop":{"background-color":"var(--ast-global-color-5)","background-image":"","background-repeat":"repeat","background-position":"center center","background-size":"auto","background-attachment":"scroll","background-type":"","background-media":"","overlay-type":"","overlay-color":"","overlay-opacity":"","overlay-gradient":""},"tablet":{"background-color":"var(--ast-global-color-5)","background-image":"","background-repeat":"repeat","background-position":"center center","background-size":"auto","background-attachment":"scroll","background-type":"","background-media":"","overlay-type":"","overlay-color":"","overlay-opacity":"","overlay-gradient":""},"mobile":{"background-color":"var(--ast-global-color-5)","background-image":"","background-repeat":"repeat","background-position":"center center","background-size":"auto","background-attachment":"scroll","background-type":"","background-media":"","overlay-type":"","overlay-color":"","overlay-opacity":"","overlay-gradient":""}},"ngg_post_thumbnail":0,"_themeisle_gutenberg_block_has_review":false,"footnotes":""},"class_list":["post-21103","page","type-page","status-publish","hentry"],"_links":{"self":[{"href":"https:\/\/www.kamajugimnazija.lt\/index.php?rest_route=\/wp\/v2\/pages\/21103","targetHints":{"allow":["GET"]}}],"collection":[{"href":"https:\/\/www.kamajugimnazija.lt\/index.php?rest_route=\/wp\/v2\/pages"}],"about":[{"href":"https:\/\/www.kamajugimnazija.lt\/index.php?rest_route=\/wp\/v2\/types\/page"}],"author":[{"embeddable":true,"href":"https:\/\/www.kamajugimnazija.lt\/index.php?rest_route=\/wp\/v2\/users\/5"}],"replies":[{"embeddable":true,"href":"https:\/\/www.kamajugimnazija.lt\/index.php?rest_route=%2Fwp%2Fv2%2Fcomments&post=21103"}],"version-history":[{"count":0,"href":"https:\/\/www.kamajugimnazija.lt\/index.php?rest_route=\/wp\/v2\/pages\/21103\/revisions"}],"wp:attachment":[{"href":"https:\/\/www.kamajugimnazija.lt\/index.php?rest_route=%2Fwp%2Fv2%2Fmedia&parent=21103"}],"curies":[{"name":"wp","href":"https:\/\/api.w.org\/{rel}","templated":true}]}}