{"id":215,"date":"2012-10-04T10:04:43","date_gmt":"2012-10-04T10:04:43","guid":{"rendered":"http:\/\/193.219.170.180\/~ambient\/?page_id=215"},"modified":"2025-06-30T08:05:45","modified_gmt":"2025-06-30T06:05:45","slug":"pasiekimai","status":"publish","type":"page","link":"https:\/\/www.kamajugimnazija.lt\/?page_id=215","title":{"rendered":"Pasiekimai"},"content":{"rendered":"\t\t<div data-elementor-type=\"wp-page\" data-elementor-id=\"215\" class=\"elementor elementor-215\">\n\t\t\t\t<div class=\"elementor-element elementor-element-3be27c4 e-flex e-con-boxed e-con e-parent\" data-id=\"3be27c4\" data-element_type=\"container\" data-e-type=\"container\">\n\t\t\t\t\t<div class=\"e-con-inner\">\n\t\t\t\t<div class=\"elementor-element elementor-element-206e663 elementor-widget-divider--view-line elementor-widget elementor-widget-divider\" data-id=\"206e663\" data-element_type=\"widget\" data-e-type=\"widget\" data-widget_type=\"divider.default\">\n\t\t\t\t<div class=\"elementor-widget-container\">\n\t\t\t\t\t\t\t<div class=\"elementor-divider\">\n\t\t\t<span class=\"elementor-divider-separator\">\n\t\t\t\t\t\t<\/span>\n\t\t<\/div>\n\t\t\t\t\t\t<\/div>\n\t\t\t\t<\/div>\n\t\t\t\t\t<\/div>\n\t\t\t\t<\/div>\n\t\t<div class=\"elementor-element elementor-element-22a5a4f e-flex e-con-boxed e-con e-parent\" data-id=\"22a5a4f\" data-element_type=\"container\" data-e-type=\"container\">\n\t\t\t\t\t<div class=\"e-con-inner\">\n\t\t\t\t<div class=\"elementor-element elementor-element-b955003 elementor-widget elementor-widget-text-editor\" data-id=\"b955003\" data-element_type=\"widget\" data-e-type=\"widget\" data-widget_type=\"text-editor.default\">\n\t\t\t\t<div class=\"elementor-widget-container\">\n\t\t\t\t\t\t\t\t\t<p><span style=\"color: #000000;\"><a style=\"color: #000000;\" href=\"https:\/\/www.kamajugimnazija.lt\/wp-content\/uploads\/2024\/04\/GIMNAZIJOS-MOKINIU-SVARBIAUSI-PASIEKIMAI.pdf\" target=\"_blank\" rel=\"noopener\"><span style=\"color: #339966;\"><span style=\"text-decoration: underline;\">GIMNAZIJOS MOKINI\u0172 SVARBIAUSI PASIEKIMAI 2023 METAIS<\/span><\/span><\/a><\/span><\/p>\t\t\t\t\t\t\t\t<\/div>\n\t\t\t\t<\/div>\n\t\t\t\t<div class=\"elementor-element elementor-element-53f666f elementor-widget-divider--view-line elementor-widget elementor-widget-divider\" data-id=\"53f666f\" data-element_type=\"widget\" data-e-type=\"widget\" data-widget_type=\"divider.default\">\n\t\t\t\t<div class=\"elementor-widget-container\">\n\t\t\t\t\t\t\t<div class=\"elementor-divider\">\n\t\t\t<span class=\"elementor-divider-separator\">\n\t\t\t\t\t\t<\/span>\n\t\t<\/div>\n\t\t\t\t\t\t<\/div>\n\t\t\t\t<\/div>\n\t\t\t\t\t<\/div>\n\t\t\t\t<\/div>\n\t\t<div class=\"elementor-element elementor-element-da30779 e-flex e-con-boxed e-con e-parent\" data-id=\"da30779\" data-element_type=\"container\" data-e-type=\"container\">\n\t\t\t\t\t<div class=\"e-con-inner\">\n\t\t\t\t<div class=\"elementor-element elementor-element-fef2108 elementor-widget elementor-widget-text-editor\" data-id=\"fef2108\" data-element_type=\"widget\" data-e-type=\"widget\" data-widget_type=\"text-editor.default\">\n\t\t\t\t<div class=\"elementor-widget-container\">\n\t\t\t\t\t\t\t\t\t<p><a style=\"color: #000000;\" href=\"https:\/\/www.kamajugimnazija.lt\/wp-content\/uploads\/2023\/02\/GIMNAZIJOS-MOKINIU-SVARBIAUSI-PASIEKIMAI-2022-METAIS.pdf\" target=\"_blank\" rel=\"noopener\"><span style=\"color: #339966;\">GIMNAZIJOS MOKINI\u0172 SVARBIAUSI PASIEKIMAI 2022 METAIS<\/span><\/a><\/p>\t\t\t\t\t\t\t\t<\/div>\n\t\t\t\t<\/div>\n\t\t\t\t<div class=\"elementor-element elementor-element-50c5017 elementor-widget-divider--view-line elementor-widget elementor-widget-divider\" data-id=\"50c5017\" data-element_type=\"widget\" data-e-type=\"widget\" data-widget_type=\"divider.default\">\n\t\t\t\t<div class=\"elementor-widget-container\">\n\t\t\t\t\t\t\t<div class=\"elementor-divider\">\n\t\t\t<span class=\"elementor-divider-separator\">\n\t\t\t\t\t\t<\/span>\n\t\t<\/div>\n\t\t\t\t\t\t<\/div>\n\t\t\t\t<\/div>\n\t\t\t\t\t<\/div>\n\t\t\t\t<\/div>\n\t\t<div class=\"elementor-element elementor-element-cb5e31d e-flex e-con-boxed e-con e-parent\" data-id=\"cb5e31d\" data-element_type=\"container\" data-e-type=\"container\">\n\t\t\t\t\t<div class=\"e-con-inner\">\n\t\t\t\t<div class=\"elementor-element elementor-element-3a34ab4 elementor-widget elementor-widget-text-editor\" data-id=\"3a34ab4\" data-element_type=\"widget\" data-e-type=\"widget\" data-widget_type=\"text-editor.default\">\n\t\t\t\t<div class=\"elementor-widget-container\">\n\t\t\t\t\t\t\t\t\t<p><span style=\"color: #000000;\"><a style=\"color: #000000;\" href=\"https:\/\/www.kamajugimnazija.lt\/wp-content\/uploads\/2022\/03\/GIMNAZIJOS-MOKINIU-SVARBIAUSI-PASIEKIMAI-2021-METAIS.pdf\" target=\"_blank\" rel=\"noopener\"><span style=\"color: #339966;\">GIMNAZIJOS MOKINI\u0172 SVARBIAUSI PASIEKIMAI 2021 METAIS<\/span><\/a><\/span><\/p>\t\t\t\t\t\t\t\t<\/div>\n\t\t\t\t<\/div>\n\t\t\t\t<div class=\"elementor-element elementor-element-a268aba elementor-widget-divider--view-line elementor-widget elementor-widget-divider\" data-id=\"a268aba\" data-element_type=\"widget\" data-e-type=\"widget\" data-widget_type=\"divider.default\">\n\t\t\t\t<div class=\"elementor-widget-container\">\n\t\t\t\t\t\t\t<div class=\"elementor-divider\">\n\t\t\t<span class=\"elementor-divider-separator\">\n\t\t\t\t\t\t<\/span>\n\t\t<\/div>\n\t\t\t\t\t\t<\/div>\n\t\t\t\t<\/div>\n\t\t\t\t\t<\/div>\n\t\t\t\t<\/div>\n\t\t<div class=\"elementor-element elementor-element-b237bb6 e-flex e-con-boxed e-con e-parent\" data-id=\"b237bb6\" data-element_type=\"container\" data-e-type=\"container\">\n\t\t\t\t\t<div class=\"e-con-inner\">\n\t\t\t\t<div class=\"elementor-element elementor-element-2dcf370 elementor-widget elementor-widget-text-editor\" data-id=\"2dcf370\" data-element_type=\"widget\" data-e-type=\"widget\" data-widget_type=\"text-editor.default\">\n\t\t\t\t<div class=\"elementor-widget-container\">\n\t\t\t\t\t\t\t\t\t<p><span style=\"color: #000000;\"><a style=\"color: #000000;\" href=\"http:\/\/www.kamajugimnazija.lt\/wp-content\/uploads\/2021\/09\/GIMNAZIJOS-MOKINIU-SVARBIAUSI-PASIEKIMAI-2020-METAIS.pdf\" target=\"_blank\" rel=\"noopener\"><span style=\"color: #339966;\">GIMNAZIJOS MOKINI\u0172 SVARBIAUSI PASIEKIMAI 2020 METAIS<\/span><\/a><\/span><\/p>\t\t\t\t\t\t\t\t<\/div>\n\t\t\t\t<\/div>\n\t\t\t\t<div class=\"elementor-element elementor-element-cce7bef elementor-widget-divider--view-line elementor-widget elementor-widget-divider\" data-id=\"cce7bef\" data-element_type=\"widget\" data-e-type=\"widget\" data-widget_type=\"divider.default\">\n\t\t\t\t<div class=\"elementor-widget-container\">\n\t\t\t\t\t\t\t<div class=\"elementor-divider\">\n\t\t\t<span class=\"elementor-divider-separator\">\n\t\t\t\t\t\t<\/span>\n\t\t<\/div>\n\t\t\t\t\t\t<\/div>\n\t\t\t\t<\/div>\n\t\t\t\t\t<\/div>\n\t\t\t\t<\/div>\n\t\t<div class=\"elementor-element elementor-element-883e439 e-flex e-con-boxed e-con e-parent\" data-id=\"883e439\" data-element_type=\"container\" data-e-type=\"container\">\n\t\t\t\t\t<div class=\"e-con-inner\">\n\t\t\t\t\t<\/div>\n\t\t\t\t<\/div>\n\t\t<div class=\"elementor-element elementor-element-4613f081 e-flex e-con-boxed e-con e-parent\" data-id=\"4613f081\" data-element_type=\"container\" data-e-type=\"container\">\n\t\t\t\t\t<div class=\"e-con-inner\">\n\t\t\t\t<div class=\"elementor-element elementor-element-60a5559 elementor-widget elementor-widget-text-editor\" data-id=\"60a5559\" data-element_type=\"widget\" data-e-type=\"widget\" data-widget_type=\"text-editor.default\">\n\t\t\t\t<div class=\"elementor-widget-container\">\n\t\t\t\t\t\t\t\t\t<p><span style=\"color: #000000;\"><a style=\"color: #000000;\" href=\"http:\/\/www.kamajugimnazija.lt\/wp-content\/uploads\/2021\/09\/Pasiekimai.pdf\" target=\"_blank\" rel=\"noopener\"><span style=\"color: #339966;\">OLIMPIADOS, VAR\u017dYBOS, KONKURSAI2017 &#8211; 2018 M. M.<\/span><\/a><\/span><\/p>\t\t\t\t\t\t\t\t<\/div>\n\t\t\t\t<\/div>\n\t\t\t\t<div class=\"elementor-element elementor-element-519c4ef elementor-widget elementor-widget-toggle\" data-id=\"519c4ef\" data-element_type=\"widget\" data-e-type=\"widget\" data-widget_type=\"toggle.default\">\n\t\t\t\t<div class=\"elementor-widget-container\">\n\t\t\t\t\t\t\t<div class=\"elementor-toggle\">\n\t\t\t\t\t\t\t<div class=\"elementor-toggle-item\">\n\t\t\t\t\t<div id=\"elementor-tab-title-8551\" class=\"elementor-tab-title\" data-tab=\"1\" role=\"button\" aria-controls=\"elementor-tab-content-8551\" aria-expanded=\"false\">\n\t\t\t\t\t\t\t\t\t\t\t\t<span class=\"elementor-toggle-icon elementor-toggle-icon-left\" aria-hidden=\"true\">\n\t\t\t\t\t\t\t\t\t\t\t\t\t\t\t<span class=\"elementor-toggle-icon-closed\"><svg class=\"e-font-icon-svg e-fas-caret-right\" viewBox=\"0 0 192 512\" xmlns=\"http:\/\/www.w3.org\/2000\/svg\"><path d=\"M0 384.662V127.338c0-17.818 21.543-26.741 34.142-14.142l128.662 128.662c7.81 7.81 7.81 20.474 0 28.284L34.142 398.804C21.543 411.404 0 402.48 0 384.662z\"><\/path><\/svg><\/span>\n\t\t\t\t\t\t\t\t<span class=\"elementor-toggle-icon-opened\"><svg class=\"elementor-toggle-icon-opened e-font-icon-svg e-fas-caret-up\" viewBox=\"0 0 320 512\" xmlns=\"http:\/\/www.w3.org\/2000\/svg\"><path d=\"M288.662 352H31.338c-17.818 0-26.741-21.543-14.142-34.142l128.662-128.662c7.81-7.81 20.474-7.81 28.284 0l128.662 128.662c12.6 12.599 3.676 34.142-14.142 34.142z\"><\/path><\/svg><\/span>\n\t\t\t\t\t\t\t\t\t\t\t\t\t<\/span>\n\t\t\t\t\t\t\t\t\t\t\t\t<a class=\"elementor-toggle-title\" tabindex=\"0\">Kiti pasiekimai 2018m.<\/a>\n\t\t\t\t\t<\/div>\n\n\t\t\t\t\t<div id=\"elementor-tab-content-8551\" class=\"elementor-tab-content elementor-clearfix\" data-tab=\"1\" role=\"region\" aria-labelledby=\"elementor-tab-title-8551\"><p><strong>2018-11-17<\/strong><\/p><p>Vilniuje ,,LITEXPO\u2018\u2018 parod\u0173 centre buvo eksponuojami aplinkosauginio konkurso ,,Kita forma 2018\u2018\u2018 Lietuvos vaik\u0173 darbai. \u012e geriausi\u0173j\u0173 \u0161imtuk\u0105 pateko ir m\u016bs\u0173 gimnazijos 3g klas\u0117s mokinio <strong>DEIMANTO RIMKEVI\u010cIAUS<\/strong> darbai \u2013 i\u0161 antrini\u0173 \u017ealiav\u0173 pagaminta \u017eem\u0117s \u016bkio technika.<\/p><p><strong>\u00a0<\/strong><\/p><p><strong>2018-11-29<\/strong><\/p><p>4g klas\u0117s mokin\u0117 <strong>DOMIL\u0116 KIRSTUKAIT\u0116<\/strong> dalyvavo Panev\u0117\u017eio muzikiniame teatre vykusiame VII Lietuvos moksleivi\u0173 dainuojamosios poezijos festivalyje \u2013 konkurse \u201eMano senas drauge\u2026\u201c, skirtame poetei Elenai Mezginaitei atminti, ir laim\u0117jo tre\u010di\u0105j\u0105 viet\u0105.<\/p><p><strong>2018-11-30<\/strong><\/p><p>Panev\u0117\u017eyje vykusiame Panev\u0117\u017eio kra\u0161to skauti\u0161kos dainos konkurse ,,Gra\u017ei\u0173 daineli\u0173 daug gird\u0117jau 2018\u2018\u2018 gimnazijos skaut\u0117s <strong>RIMANT\u0116 MI\u010cELYT\u0116 <\/strong>(2g kl.) ir <strong>AURORA LOBOVAIT\u0116 <\/strong>(4g kl.) buvo vienos i\u0161 trij\u0173 kolektyv\u0173, komisijos atrinkt\u0173 dalyvauti respublikiniame konkurse 2019 m. sausio m\u0117n.<\/p><p><strong>2018-12-10<\/strong><\/p><p>4g klas\u0117s mokin\u0117 <strong>DOMIL\u0116 KIRSTUKAIT\u0116<\/strong>, \u012fsijungusi \u012f JAV ambasados ir LR Seimo kontrolieri\u0173 ir U\u017esienio reikal\u0173 ministerijos organizuojam\u0105 konkurs\u0105 \u201eWhy should human rights be a central part of my life?\u201c, \u00a0gruod\u017eio 10 dien\u0105 dalyvavo Nacionalin\u0117je Martyno Ma\u017evydo bibliotekoje vykusiame \u017emogaus teisi\u0173 forume kaip viena i\u0161 20 \u2013 ies atrinkt\u0173 laim\u0117toj\u0173. (Konkursui buvo pateikta 170 darb\u0173).<\/p><\/div>\n\t\t\t\t<\/div>\n\t\t\t\t\t\t\t\t<\/div>\n\t\t\t\t\t\t<\/div>\n\t\t\t\t<\/div>\n\t\t\t\t<div class=\"elementor-element elementor-element-f83ceae elementor-widget-divider--view-line elementor-widget elementor-widget-divider\" data-id=\"f83ceae\" data-element_type=\"widget\" data-e-type=\"widget\" data-widget_type=\"divider.default\">\n\t\t\t\t<div class=\"elementor-widget-container\">\n\t\t\t\t\t\t\t<div class=\"elementor-divider\">\n\t\t\t<span class=\"elementor-divider-separator\">\n\t\t\t\t\t\t<\/span>\n\t\t<\/div>\n\t\t\t\t\t\t<\/div>\n\t\t\t\t<\/div>\n\t\t\t\t\t<\/div>\n\t\t\t\t<\/div>\n\t\t\t\t<\/div>\n\t\t","protected":false},"excerpt":{"rendered":"<p>GIMNAZIJOS MOKINI\u0172 SVARBIAUSI PASIEKIMAI 2023 METAIS GIMNAZIJOS MOKINI\u0172 SVARBIAUSI PASIEKIMAI 2022 METAIS GIMNAZIJOS MOKINI\u0172 SVARBIAUSI PASIEKIMAI 2021 METAIS GIMNAZIJOS MOKINI\u0172 SVARBIAUSI PASIEKIMAI 2020 METAIS OLIMPIADOS, VAR\u017dYBOS, KONKURSAI2017 &#8211; 2018 M. M. Kiti pasiekimai 2018m. 2018-11-17 Vilniuje ,,LITEXPO\u2018\u2018 parod\u0173 centre buvo eksponuojami aplinkosauginio konkurso ,,Kita forma 2018\u2018\u2018 Lietuvos vaik\u0173 darbai. \u012e geriausi\u0173j\u0173 \u0161imtuk\u0105 pateko ir m\u016bs\u0173 [&hellip;]<\/p>\n","protected":false},"author":5,"featured_media":0,"parent":0,"menu_order":0,"comment_status":"closed","ping_status":"open","template":"","meta":{"site-sidebar-layout":"default","site-content-layout":"","ast-site-content-layout":"default","site-content-style":"default","site-sidebar-style":"default","ast-global-header-display":"","ast-banner-title-visibility":"","ast-main-header-display":"","ast-hfb-above-header-display":"","ast-hfb-below-header-display":"","ast-hfb-mobile-header-display":"","site-post-title":"","ast-breadcrumbs-content":"","ast-featured-img":"","footer-sml-layout":"","ast-disable-related-posts":"","theme-transparent-header-meta":"","adv-header-id-meta":"","stick-header-meta":"","header-above-stick-meta":"","header-main-stick-meta":"","header-below-stick-meta":"","astra-migrate-meta-layouts":"default","ast-page-background-enabled":"default","ast-page-background-meta":{"desktop":{"background-color":"var(--ast-global-color-4)","background-image":"","background-repeat":"repeat","background-position":"center center","background-size":"auto","background-attachment":"scroll","background-type":"","background-media":"","overlay-type":"","overlay-color":"","overlay-opacity":"","overlay-gradient":""},"tablet":{"background-color":"","background-image":"","background-repeat":"repeat","background-position":"center center","background-size":"auto","background-attachment":"scroll","background-type":"","background-media":"","overlay-type":"","overlay-color":"","overlay-opacity":"","overlay-gradient":""},"mobile":{"background-color":"","background-image":"","background-repeat":"repeat","background-position":"center center","background-size":"auto","background-attachment":"scroll","background-type":"","background-media":"","overlay-type":"","overlay-color":"","overlay-opacity":"","overlay-gradient":""}},"ast-content-background-meta":{"desktop":{"background-color":"var(--ast-global-color-5)","background-image":"","background-repeat":"repeat","background-position":"center center","background-size":"auto","background-attachment":"scroll","background-type":"","background-media":"","overlay-type":"","overlay-color":"","overlay-opacity":"","overlay-gradient":""},"tablet":{"background-color":"var(--ast-global-color-5)","background-image":"","background-repeat":"repeat","background-position":"center center","background-size":"auto","background-attachment":"scroll","background-type":"","background-media":"","overlay-type":"","overlay-color":"","overlay-opacity":"","overlay-gradient":""},"mobile":{"background-color":"var(--ast-global-color-5)","background-image":"","background-repeat":"repeat","background-position":"center center","background-size":"auto","background-attachment":"scroll","background-type":"","background-media":"","overlay-type":"","overlay-color":"","overlay-opacity":"","overlay-gradient":""}},"ngg_post_thumbnail":0,"_themeisle_gutenberg_block_has_review":false,"footnotes":""},"class_list":["post-215","page","type-page","status-publish","hentry"],"_links":{"self":[{"href":"https:\/\/www.kamajugimnazija.lt\/index.php?rest_route=\/wp\/v2\/pages\/215","targetHints":{"allow":["GET"]}}],"collection":[{"href":"https:\/\/www.kamajugimnazija.lt\/index.php?rest_route=\/wp\/v2\/pages"}],"about":[{"href":"https:\/\/www.kamajugimnazija.lt\/index.php?rest_route=\/wp\/v2\/types\/page"}],"author":[{"embeddable":true,"href":"https:\/\/www.kamajugimnazija.lt\/index.php?rest_route=\/wp\/v2\/users\/5"}],"replies":[{"embeddable":true,"href":"https:\/\/www.kamajugimnazija.lt\/index.php?rest_route=%2Fwp%2Fv2%2Fcomments&post=215"}],"version-history":[{"count":0,"href":"https:\/\/www.kamajugimnazija.lt\/index.php?rest_route=\/wp\/v2\/pages\/215\/revisions"}],"wp:attachment":[{"href":"https:\/\/www.kamajugimnazija.lt\/index.php?rest_route=%2Fwp%2Fv2%2Fmedia&parent=215"}],"curies":[{"name":"wp","href":"https:\/\/api.w.org\/{rel}","templated":true}]}}