{"id":230,"date":"2012-10-04T10:09:40","date_gmt":"2012-10-04T10:09:40","guid":{"rendered":"http:\/\/193.219.170.180\/~ambient\/?page_id=230"},"modified":"2025-10-07T11:42:46","modified_gmt":"2025-10-07T09:42:46","slug":"mokytojai","status":"publish","type":"page","link":"https:\/\/www.kamajugimnazija.lt\/?page_id=230","title":{"rendered":"Mokytojai"},"content":{"rendered":"\t\t<div data-elementor-type=\"wp-page\" data-elementor-id=\"230\" class=\"elementor elementor-230\">\n\t\t\t\t<div class=\"elementor-element elementor-element-79db4df e-flex e-con-boxed e-con e-parent\" data-id=\"79db4df\" data-element_type=\"container\" data-e-type=\"container\">\n\t\t\t\t\t<div class=\"e-con-inner\">\n\t\t\t\t<div class=\"elementor-element elementor-element-5af76cc elementor-widget-divider--view-line elementor-widget elementor-widget-divider\" data-id=\"5af76cc\" data-element_type=\"widget\" data-e-type=\"widget\" data-widget_type=\"divider.default\">\n\t\t\t\t<div class=\"elementor-widget-container\">\n\t\t\t\t\t\t\t<div class=\"elementor-divider\">\n\t\t\t<span class=\"elementor-divider-separator\">\n\t\t\t\t\t\t<\/span>\n\t\t<\/div>\n\t\t\t\t\t\t<\/div>\n\t\t\t\t<\/div>\n\t\t\t\t<div class=\"elementor-element elementor-element-d1f8802 elementor-widget elementor-widget-image\" data-id=\"d1f8802\" data-element_type=\"widget\" data-e-type=\"widget\" data-widget_type=\"image.default\">\n\t\t\t\t<div class=\"elementor-widget-container\">\n\t\t\t\t\t\t\t\t\t\t\t\t\t\t\t<img fetchpriority=\"high\" decoding=\"async\" width=\"1024\" height=\"768\" src=\"https:\/\/www.kamajugimnazija.lt\/wp-content\/uploads\/2025\/10\/553721001_1870178660514476_2098272693519675437_n-1024x768.jpg\" class=\"attachment-large size-large wp-image-24421\" alt=\"\" srcset=\"https:\/\/www.kamajugimnazija.lt\/wp-content\/uploads\/2025\/10\/553721001_1870178660514476_2098272693519675437_n-1024x768.jpg 1024w, https:\/\/www.kamajugimnazija.lt\/wp-content\/uploads\/2025\/10\/553721001_1870178660514476_2098272693519675437_n-300x225.jpg 300w, https:\/\/www.kamajugimnazija.lt\/wp-content\/uploads\/2025\/10\/553721001_1870178660514476_2098272693519675437_n-768x576.jpg 768w, https:\/\/www.kamajugimnazija.lt\/wp-content\/uploads\/2025\/10\/553721001_1870178660514476_2098272693519675437_n-1536x1152.jpg 1536w, https:\/\/www.kamajugimnazija.lt\/wp-content\/uploads\/2025\/10\/553721001_1870178660514476_2098272693519675437_n-16x12.jpg 16w, https:\/\/www.kamajugimnazija.lt\/wp-content\/uploads\/2025\/10\/553721001_1870178660514476_2098272693519675437_n.jpg 2048w\" sizes=\"(max-width: 1024px) 100vw, 1024px\" \/>\t\t\t\t\t\t\t\t\t\t\t\t\t\t\t<\/div>\n\t\t\t\t<\/div>\n\t\t\t\t<div class=\"elementor-element elementor-element-7f4693f elementor-widget elementor-widget-text-editor\" data-id=\"7f4693f\" data-element_type=\"widget\" data-e-type=\"widget\" data-widget_type=\"text-editor.default\">\n\t\t\t\t<div class=\"elementor-widget-container\">\n\t\t\t\t\t\t\t\t\t<p><span style=\"color: #339966;\"><a style=\"color: #339966;\" href=\"https:\/\/www.kamajugimnazija.lt\/wp-content\/uploads\/2025\/10\/GIMNAZIJOS-MOKYTOJU-SARASAS-2025-2026-m.-m.pdf\" target=\"_blank\" rel=\"noopener\"><strong>GIMNAZIJOS MOKYTOJ\u0172 S\u0104RA\u0160AS 2025-2026 M.<\/strong><\/a><\/span><\/p>\t\t\t\t\t\t\t\t<\/div>\n\t\t\t\t<\/div>\n\t\t\t\t\t<\/div>\n\t\t\t\t<\/div>\n\t\t<div class=\"elementor-element elementor-element-90f9747 e-flex e-con-boxed e-con e-parent\" data-id=\"90f9747\" data-element_type=\"container\" data-e-type=\"container\">\n\t\t\t\t\t<div class=\"e-con-inner\">\n\t\t\t\t<div class=\"elementor-element elementor-element-b33757c elementor-widget-divider--view-line elementor-widget elementor-widget-divider\" data-id=\"b33757c\" data-element_type=\"widget\" data-e-type=\"widget\" data-widget_type=\"divider.default\">\n\t\t\t\t<div class=\"elementor-widget-container\">\n\t\t\t\t\t\t\t<div class=\"elementor-divider\">\n\t\t\t<span class=\"elementor-divider-separator\">\n\t\t\t\t\t\t<\/span>\n\t\t<\/div>\n\t\t\t\t\t\t<\/div>\n\t\t\t\t<\/div>\n\t\t\t\t\t<\/div>\n\t\t\t\t<\/div>\n\t\t<div class=\"elementor-element elementor-element-cc0c6bb e-grid e-con-boxed e-con e-parent\" data-id=\"cc0c6bb\" data-element_type=\"container\" data-e-type=\"container\">\n\t\t\t\t\t<div class=\"e-con-inner\">\n\t\t\t\t<div class=\"elementor-element elementor-element-3108f22 elementor-widget elementor-widget-image\" data-id=\"3108f22\" data-element_type=\"widget\" data-e-type=\"widget\" data-widget_type=\"image.default\">\n\t\t\t\t<div class=\"elementor-widget-container\">\n\t\t\t\t\t\t\t\t\t\t\t\t\t\t\t<img decoding=\"async\" width=\"1024\" height=\"819\" src=\"https:\/\/www.kamajugimnazija.lt\/wp-content\/uploads\/2025\/10\/mokytojai-scaled-1-1024x819.jpg\" class=\"attachment-large size-large wp-image-24426\" alt=\"\" srcset=\"https:\/\/www.kamajugimnazija.lt\/wp-content\/uploads\/2025\/10\/mokytojai-scaled-1-1024x819.jpg 1024w, https:\/\/www.kamajugimnazija.lt\/wp-content\/uploads\/2025\/10\/mokytojai-scaled-1-300x240.jpg 300w, https:\/\/www.kamajugimnazija.lt\/wp-content\/uploads\/2025\/10\/mokytojai-scaled-1-768x614.jpg 768w, https:\/\/www.kamajugimnazija.lt\/wp-content\/uploads\/2025\/10\/mokytojai-scaled-1-1536x1228.jpg 1536w, https:\/\/www.kamajugimnazija.lt\/wp-content\/uploads\/2025\/10\/mokytojai-scaled-1-2048x1638.jpg 2048w, https:\/\/www.kamajugimnazija.lt\/wp-content\/uploads\/2025\/10\/mokytojai-scaled-1-15x12.jpg 15w\" sizes=\"(max-width: 1024px) 100vw, 1024px\" \/>\t\t\t\t\t\t\t\t\t\t\t\t\t\t\t<\/div>\n\t\t\t\t<\/div>\n\t\t\t\t\t<\/div>\n\t\t\t\t<\/div>\n\t\t<div class=\"elementor-element elementor-element-fab32e4 e-flex e-con-boxed e-con e-parent\" data-id=\"fab32e4\" data-element_type=\"container\" data-e-type=\"container\">\n\t\t\t\t\t<div class=\"e-con-inner\">\n\t\t\t\t<div class=\"elementor-element elementor-element-3d6c973 elementor-widget elementor-widget-text-editor\" data-id=\"3d6c973\" data-element_type=\"widget\" data-e-type=\"widget\" data-widget_type=\"text-editor.default\">\n\t\t\t\t<div class=\"elementor-widget-container\">\n\t\t\t\t\t\t\t\t\t<p><span style=\"color: #339966;\"><a style=\"color: #339966;\" href=\"https:\/\/www.kamajugimnazija.lt\/wp-content\/uploads\/2024\/10\/GIMNAZIJOS-MOKYTOJU-SARASAS-2024-2025atnaujintas.pdf\" target=\"_blank\" rel=\"noopener\"><strong>GIMNAZIJOS MOKYTOJ\u0172 S\u0104RA\u0160AS 2024-2025 M.M.<\/strong><\/a><\/span><\/p><p><span style=\"color: #339966;\"><a style=\"color: #339966;\" href=\"https:\/\/www.kamajugimnazija.lt\/wp-content\/uploads\/2023\/09\/GIMNAZIJOS-MOKYTOJU-SARASAS-2023-2024.pdf\" target=\"_blank\" rel=\"noopener\"><strong>GIMNAZIJOS MOKYTOJ\u0172 S\u0104RA\u0160AS 2023-2024 M.M.<\/strong><\/a><\/span><\/p>\t\t\t\t\t\t\t\t<\/div>\n\t\t\t\t<\/div>\n\t\t\t\t<div class=\"elementor-element elementor-element-32624f7 elementor-widget-divider--view-line elementor-widget elementor-widget-divider\" data-id=\"32624f7\" data-element_type=\"widget\" data-e-type=\"widget\" data-widget_type=\"divider.default\">\n\t\t\t\t<div class=\"elementor-widget-container\">\n\t\t\t\t\t\t\t<div class=\"elementor-divider\">\n\t\t\t<span class=\"elementor-divider-separator\">\n\t\t\t\t\t\t<\/span>\n\t\t<\/div>\n\t\t\t\t\t\t<\/div>\n\t\t\t\t<\/div>\n\t\t\t\t\t<\/div>\n\t\t\t\t<\/div>\n\t\t<div class=\"elementor-element elementor-element-96b4599 e-grid e-con-boxed e-con e-parent\" data-id=\"96b4599\" data-element_type=\"container\" data-e-type=\"container\">\n\t\t\t\t\t<div class=\"e-con-inner\">\n\t\t\t\t<div class=\"elementor-element elementor-element-19398d3 elementor-widget elementor-widget-text-editor\" data-id=\"19398d3\" data-element_type=\"widget\" data-e-type=\"widget\" data-widget_type=\"text-editor.default\">\n\t\t\t\t<div class=\"elementor-widget-container\">\n\t\t\t\t\t\t\t\t\t<p><img decoding=\"async\" src=\"https:\/\/www.kamajugimnazija.lt\/wp-content\/uploads\/2023\/11\/MOkytojai.jpeg\" \/><\/p>\t\t\t\t\t\t\t\t<\/div>\n\t\t\t\t<\/div>\n\t\t\t\t<div class=\"elementor-element elementor-element-a5ef4a8 elementor-widget elementor-widget-text-editor\" data-id=\"a5ef4a8\" data-element_type=\"widget\" data-e-type=\"widget\" data-widget_type=\"text-editor.default\">\n\t\t\t\t<div class=\"elementor-widget-container\">\n\t\t\t\t\t\t\t\t\t<p><span style=\"color: #339966;\"><a style=\"color: #339966;\" href=\"https:\/\/www.kamajugimnazija.lt\/wp-content\/uploads\/2023\/11\/GIMNAZIJOS-MOKYTOJU-SARASAS-2022.pdf\" target=\"_blank\" rel=\"noopener\"><strong>GIMNAZIJOS MOKYTOJ\u0172 S\u0104RA\u0160AS 2022-2023 M.M.<\/strong><\/a><\/span><\/p><p><a href=\"https:\/\/www.kamajugimnazija.lt\/wp-content\/uploads\/2023\/11\/GIMNAZIJOS-MOKYTOJU-SARASAS-2021.pdf\" target=\"_blank\" rel=\"noopener\"><strong><span style=\"color: #339966;\">GIMNAZIJOS MOKYTOJ\u0172 S\u0104RA\u0160AS 2021-2022 M.M.<\/span><\/strong><\/a><\/p>\t\t\t\t\t\t\t\t<\/div>\n\t\t\t\t<\/div>\n\t\t\t\t\t<\/div>\n\t\t\t\t<\/div>\n\t\t<div class=\"elementor-element elementor-element-c4e9ed2 e-flex e-con-boxed e-con e-parent\" data-id=\"c4e9ed2\" data-element_type=\"container\" data-e-type=\"container\">\n\t\t\t\t\t<div class=\"e-con-inner\">\n\t\t\t\t<div class=\"elementor-element elementor-element-9d1010c elementor-widget-divider--view-line elementor-widget elementor-widget-divider\" data-id=\"9d1010c\" data-element_type=\"widget\" data-e-type=\"widget\" data-widget_type=\"divider.default\">\n\t\t\t\t<div class=\"elementor-widget-container\">\n\t\t\t\t\t\t\t<div class=\"elementor-divider\">\n\t\t\t<span class=\"elementor-divider-separator\">\n\t\t\t\t\t\t<\/span>\n\t\t<\/div>\n\t\t\t\t\t\t<\/div>\n\t\t\t\t<\/div>\n\t\t\t\t\t<\/div>\n\t\t\t\t<\/div>\n\t\t<div class=\"elementor-element elementor-element-50a1524 e-flex e-con-boxed e-con e-parent\" data-id=\"50a1524\" data-element_type=\"container\" data-e-type=\"container\">\n\t\t\t\t\t<div class=\"e-con-inner\">\n\t\t\t\t\t<\/div>\n\t\t\t\t<\/div>\n\t\t\t\t<\/div>\n\t\t","protected":false},"excerpt":{"rendered":"<p>GIMNAZIJOS MOKYTOJ\u0172 S\u0104RA\u0160AS 2025-2026 M. GIMNAZIJOS MOKYTOJ\u0172 S\u0104RA\u0160AS 2024-2025 M.M. GIMNAZIJOS MOKYTOJ\u0172 S\u0104RA\u0160AS 2023-2024 M.M. GIMNAZIJOS MOKYTOJ\u0172 S\u0104RA\u0160AS 2022-2023 M.M. GIMNAZIJOS MOKYTOJ\u0172 S\u0104RA\u0160AS 2021-2022 M.M.<\/p>\n","protected":false},"author":5,"featured_media":0,"parent":0,"menu_order":0,"comment_status":"closed","ping_status":"open","template":"","meta":{"site-sidebar-layout":"default","site-content-layout":"","ast-site-content-layout":"default","site-content-style":"default","site-sidebar-style":"default","ast-global-header-display":"","ast-banner-title-visibility":"","ast-main-header-display":"","ast-hfb-above-header-display":"","ast-hfb-below-header-display":"","ast-hfb-mobile-header-display":"","site-post-title":"","ast-breadcrumbs-content":"","ast-featured-img":"","footer-sml-layout":"","ast-disable-related-posts":"","theme-transparent-header-meta":"default","adv-header-id-meta":"","stick-header-meta":"","header-above-stick-meta":"","header-main-stick-meta":"","header-below-stick-meta":"","astra-migrate-meta-layouts":"set","ast-page-background-enabled":"default","ast-page-background-meta":{"desktop":{"background-color":"var(--ast-global-color-4)","background-image":"","background-repeat":"repeat","background-position":"center center","background-size":"auto","background-attachment":"scroll","background-type":"","background-media":"","overlay-type":"","overlay-color":"","overlay-opacity":"","overlay-gradient":""},"tablet":{"background-color":"","background-image":"","background-repeat":"repeat","background-position":"center center","background-size":"auto","background-attachment":"scroll","background-type":"","background-media":"","overlay-type":"","overlay-color":"","overlay-opacity":"","overlay-gradient":""},"mobile":{"background-color":"","background-image":"","background-repeat":"repeat","background-position":"center center","background-size":"auto","background-attachment":"scroll","background-type":"","background-media":"","overlay-type":"","overlay-color":"","overlay-opacity":"","overlay-gradient":""}},"ast-content-background-meta":{"desktop":{"background-color":"var(--ast-global-color-5)","background-image":"","background-repeat":"repeat","background-position":"center center","background-size":"auto","background-attachment":"scroll","background-type":"","background-media":"","overlay-type":"","overlay-color":"","overlay-opacity":"","overlay-gradient":""},"tablet":{"background-color":"var(--ast-global-color-5)","background-image":"","background-repeat":"repeat","background-position":"center center","background-size":"auto","background-attachment":"scroll","background-type":"","background-media":"","overlay-type":"","overlay-color":"","overlay-opacity":"","overlay-gradient":""},"mobile":{"background-color":"var(--ast-global-color-5)","background-image":"","background-repeat":"repeat","background-position":"center center","background-size":"auto","background-attachment":"scroll","background-type":"","background-media":"","overlay-type":"","overlay-color":"","overlay-opacity":"","overlay-gradient":""}},"ngg_post_thumbnail":0,"_themeisle_gutenberg_block_has_review":false,"footnotes":""},"class_list":["post-230","page","type-page","status-publish","hentry"],"_links":{"self":[{"href":"https:\/\/www.kamajugimnazija.lt\/index.php?rest_route=\/wp\/v2\/pages\/230","targetHints":{"allow":["GET"]}}],"collection":[{"href":"https:\/\/www.kamajugimnazija.lt\/index.php?rest_route=\/wp\/v2\/pages"}],"about":[{"href":"https:\/\/www.kamajugimnazija.lt\/index.php?rest_route=\/wp\/v2\/types\/page"}],"author":[{"embeddable":true,"href":"https:\/\/www.kamajugimnazija.lt\/index.php?rest_route=\/wp\/v2\/users\/5"}],"replies":[{"embeddable":true,"href":"https:\/\/www.kamajugimnazija.lt\/index.php?rest_route=%2Fwp%2Fv2%2Fcomments&post=230"}],"version-history":[{"count":0,"href":"https:\/\/www.kamajugimnazija.lt\/index.php?rest_route=\/wp\/v2\/pages\/230\/revisions"}],"wp:attachment":[{"href":"https:\/\/www.kamajugimnazija.lt\/index.php?rest_route=%2Fwp%2Fv2%2Fmedia&parent=230"}],"curies":[{"name":"wp","href":"https:\/\/api.w.org\/{rel}","templated":true}]}}