{"id":244,"date":"2012-10-04T10:22:21","date_gmt":"2012-10-04T10:22:21","guid":{"rendered":"http:\/\/193.219.170.180\/~ambient\/?page_id=244"},"modified":"2025-11-13T09:57:36","modified_gmt":"2025-11-13T07:57:36","slug":"ugdymo-planas","status":"publish","type":"page","link":"https:\/\/www.kamajugimnazija.lt\/?page_id=244","title":{"rendered":"Ugdymo planas"},"content":{"rendered":"\t\t<div data-elementor-type=\"wp-page\" data-elementor-id=\"244\" class=\"elementor elementor-244\">\n\t\t\t\t<div class=\"elementor-element elementor-element-d258649 e-flex e-con-boxed e-con e-parent\" data-id=\"d258649\" data-element_type=\"container\" data-e-type=\"container\">\n\t\t\t\t\t<div class=\"e-con-inner\">\n\t\t\t\t<div class=\"elementor-element elementor-element-021efe8 elementor-widget-divider--view-line elementor-widget elementor-widget-divider\" data-id=\"021efe8\" data-element_type=\"widget\" data-e-type=\"widget\" data-widget_type=\"divider.default\">\n\t\t\t\t<div class=\"elementor-widget-container\">\n\t\t\t\t\t\t\t<div class=\"elementor-divider\">\n\t\t\t<span class=\"elementor-divider-separator\">\n\t\t\t\t\t\t<\/span>\n\t\t<\/div>\n\t\t\t\t\t\t<\/div>\n\t\t\t\t<\/div>\n\t\t\t\t<div class=\"elementor-element elementor-element-ac6a305 elementor-widget elementor-widget-text-editor\" data-id=\"ac6a305\" data-element_type=\"widget\" data-e-type=\"widget\" data-widget_type=\"text-editor.default\">\n\t\t\t\t<div class=\"elementor-widget-container\">\n\t\t\t\t\t\t\t\t\t<p><span style=\"color: #339966;\"><a style=\"color: #339966;\" href=\"https:\/\/www.kamajugimnazija.lt\/wp-content\/uploads\/2025\/11\/KAMAJAI-ugdymo-planas.pdf\">2025-2026 mokslo met\u0173 ugdymo planas<\/a><\/span><\/p>\t\t\t\t\t\t\t\t<\/div>\n\t\t\t\t<\/div>\n\t\t\t\t<div class=\"elementor-element elementor-element-d870781 elementor-widget elementor-widget-text-editor\" data-id=\"d870781\" data-element_type=\"widget\" data-e-type=\"widget\" data-widget_type=\"text-editor.default\">\n\t\t\t\t<div class=\"elementor-widget-container\">\n\t\t\t\t\t\t\t\t\t<p><span style=\"color: #339966;\"><a style=\"color: #339966;\" href=\"https:\/\/www.kamajugimnazija.lt\/wp-content\/uploads\/2024\/10\/Ugdymo-planas-20242025.pdf\" target=\"_blank\" rel=\"noopener\">2024-2025 mokslo met\u0173 ugdymo planas<\/a><\/span><\/p>\t\t\t\t\t\t\t\t<\/div>\n\t\t\t\t<\/div>\n\t\t\t\t<div class=\"elementor-element elementor-element-0a43a3a elementor-widget elementor-widget-text-editor\" data-id=\"0a43a3a\" data-element_type=\"widget\" data-e-type=\"widget\" data-widget_type=\"text-editor.default\">\n\t\t\t\t<div class=\"elementor-widget-container\">\n\t\t\t\t\t\t\t\t\t<p><span style=\"color: #339966;\"><a style=\"color: #339966;\" href=\"https:\/\/www.kamajugimnazija.lt\/wp-content\/uploads\/2023\/11\/Kamaju-ugdymo-planas-2023-2024-m.-m.-i-svetaine.pdf\">2023-2024 mokslo met\u0173 ugdymo planas<\/a><\/span><\/p>\t\t\t\t\t\t\t\t<\/div>\n\t\t\t\t<\/div>\n\t\t\t\t\t<\/div>\n\t\t\t\t<\/div>\n\t\t<div class=\"elementor-element elementor-element-c159a55 e-flex e-con-boxed e-con e-parent\" data-id=\"c159a55\" data-element_type=\"container\" data-e-type=\"container\">\n\t\t\t\t\t<div class=\"e-con-inner\">\n\t\t\t\t<div class=\"elementor-element elementor-element-52a2314 elementor-widget elementor-widget-text-editor\" data-id=\"52a2314\" data-element_type=\"widget\" data-e-type=\"widget\" data-widget_type=\"text-editor.default\">\n\t\t\t\t<div class=\"elementor-widget-container\">\n\t\t\t\t\t\t\t\t\t<p><span style=\"color: #339966;\"><a style=\"color: #339966;\" href=\"https:\/\/www.kamajugimnazija.lt\/wp-content\/uploads\/2023\/01\/ROKISKIO-R.-KAMAJU-ANTANO-STRAZDO-GIMNAZIJOS-UGDYMO-PLANAS-2022-2023.pdf\" target=\"_blank\" rel=\"noopener\">2022-2023 mokslo met\u0173 ugdymo planas<\/a><\/span><\/p>\t\t\t\t\t\t\t\t<\/div>\n\t\t\t\t<\/div>\n\t\t\t\t\t<\/div>\n\t\t\t\t<\/div>\n\t\t<div class=\"elementor-element elementor-element-c6f93f8 e-flex e-con-boxed e-con e-parent\" data-id=\"c6f93f8\" data-element_type=\"container\" data-e-type=\"container\">\n\t\t\t\t\t<div class=\"e-con-inner\">\n\t\t\t\t<div class=\"elementor-element elementor-element-ad897a5 elementor-widget elementor-widget-text-editor\" data-id=\"ad897a5\" data-element_type=\"widget\" data-e-type=\"widget\" data-widget_type=\"text-editor.default\">\n\t\t\t\t<div class=\"elementor-widget-container\">\n\t\t\t\t\t\t\t\t\t<p><span style=\"color: #339966;\"><a style=\"color: #339966;\" href=\"http:\/\/www.kamajugimnazija.lt\/wp-content\/uploads\/2021\/09\/2021-2022-m.m.-ugdymo-planas.pdf\" target=\"_blank\" rel=\"noopener\">2021-2022 mokslo met\u0173 ugdymo planas<\/a><\/span><\/p>\t\t\t\t\t\t\t\t<\/div>\n\t\t\t\t<\/div>\n\t\t\t\t\t<\/div>\n\t\t\t\t<\/div>\n\t\t<div class=\"elementor-element elementor-element-fbebbc8 e-flex e-con-boxed e-con e-parent\" data-id=\"fbebbc8\" data-element_type=\"container\" data-e-type=\"container\">\n\t\t\t\t\t<div class=\"e-con-inner\">\n\t\t\t\t<div class=\"elementor-element elementor-element-ff3edbb elementor-widget elementor-widget-text-editor\" data-id=\"ff3edbb\" data-element_type=\"widget\" data-e-type=\"widget\" data-widget_type=\"text-editor.default\">\n\t\t\t\t<div class=\"elementor-widget-container\">\n\t\t\t\t\t\t\t\t\t<p><span style=\"color: #339966;\">\u00a0<a style=\"color: #339966;\" href=\"http:\/\/www.kamajugimnazija.lt\/wp-content\/uploads\/2021\/09\/2020-2021-m.-m.-ugdymo-planas.pdf\" target=\"_blank\" rel=\"noopener\">2020-2021 mokslo met\u0173 ugdymo planas<\/a><\/span><\/p>\t\t\t\t\t\t\t\t<\/div>\n\t\t\t\t<\/div>\n\t\t\t\t\t<\/div>\n\t\t\t\t<\/div>\n\t\t<div class=\"elementor-element elementor-element-efb0d6d e-flex e-con-boxed e-con e-parent\" data-id=\"efb0d6d\" data-element_type=\"container\" data-e-type=\"container\">\n\t\t\t\t\t<div class=\"e-con-inner\">\n\t\t\t\t<div class=\"elementor-element elementor-element-726f678 elementor-widget elementor-widget-text-editor\" data-id=\"726f678\" data-element_type=\"widget\" data-e-type=\"widget\" data-widget_type=\"text-editor.default\">\n\t\t\t\t<div class=\"elementor-widget-container\">\n\t\t\t\t\t\t\t\t\t<p><span style=\"color: #339966;\">\u00a0<a style=\"color: #339966;\" href=\"http:\/\/www.kamajugimnazija.lt\/wp-content\/uploads\/2019\/10\/Gimnazijos-UP-2019-2020.pdf\" target=\"_blank\" rel=\"noopener\">2019-2020 mokslo met\u0173 ugdymo planas<\/a><\/span><\/p>\t\t\t\t\t\t\t\t<\/div>\n\t\t\t\t<\/div>\n\t\t\t\t\t<\/div>\n\t\t\t\t<\/div>\n\t\t<div class=\"elementor-element elementor-element-c5ec69d e-flex e-con-boxed e-con e-parent\" data-id=\"c5ec69d\" data-element_type=\"container\" data-e-type=\"container\">\n\t\t\t\t\t<div class=\"e-con-inner\">\n\t\t\t\t<div class=\"elementor-element elementor-element-9e6c184 elementor-widget elementor-widget-text-editor\" data-id=\"9e6c184\" data-element_type=\"widget\" data-e-type=\"widget\" data-widget_type=\"text-editor.default\">\n\t\t\t\t<div class=\"elementor-widget-container\">\n\t\t\t\t\t\t\t\t\t<p><span style=\"color: #339966;\"><a style=\"color: #339966;\" href=\"http:\/\/www.kamajugimnazija.lt\/wp-content\/uploads\/2018\/12\/2018_2019m_ugdymo_planas.pdf\" target=\"_blank\" rel=\"noopener\">2018-2019 mokslo met\u0173 ugdymo planas<\/a><\/span><\/p>\t\t\t\t\t\t\t\t<\/div>\n\t\t\t\t<\/div>\n\t\t\t\t\t<\/div>\n\t\t\t\t<\/div>\n\t\t<div class=\"elementor-element elementor-element-7f08d8e e-flex e-con-boxed e-con e-parent\" data-id=\"7f08d8e\" data-element_type=\"container\" data-e-type=\"container\">\n\t\t\t\t\t<div class=\"e-con-inner\">\n\t\t\t\t<div class=\"elementor-element elementor-element-06e01b4 elementor-widget-divider--view-line_text elementor-widget-divider--element-align-center elementor-widget elementor-widget-divider\" data-id=\"06e01b4\" data-element_type=\"widget\" data-e-type=\"widget\" data-widget_type=\"divider.default\">\n\t\t\t\t<div class=\"elementor-widget-container\">\n\t\t\t\t\t\t\t<div class=\"elementor-divider\">\n\t\t\t<span class=\"elementor-divider-separator\">\n\t\t\t\t\t\t\t<span class=\"elementor-divider__text elementor-divider__element\">\n\t\t\t\t2015 - 2018 m. m.\t\t\t\t<\/span>\n\t\t\t\t\t\t<\/span>\n\t\t<\/div>\n\t\t\t\t\t\t<\/div>\n\t\t\t\t<\/div>\n\t\t\t\t<div class=\"elementor-element elementor-element-9ecd7e5 elementor-widget elementor-widget-text-editor\" data-id=\"9ecd7e5\" data-element_type=\"widget\" data-e-type=\"widget\" data-widget_type=\"text-editor.default\">\n\t\t\t\t<div class=\"elementor-widget-container\">\n\t\t\t\t\t\t\t\t\t<p><span style=\"color: #339966;\"><a style=\"color: #339966;\" href=\"http:\/\/www.kamajugimnazija.lt\/wp-content\/uploads\/2012\/10\/1-2g-klasiu-lentele-2016-2017.pdf\" target=\"_blank\" rel=\"noopener\">1 &#8211; 2g klasi\u0173 lentel\u0117<\/a><a style=\"color: #339966;\" href=\"http:\/\/www.kamajugimnazija.lt\/wp-content\/uploads\/2012\/10\/1-2g-klasiu-lentele-2016-2017.pdf\"> &#8211;<\/a><a style=\"color: #339966;\" href=\"http:\/\/www.kamajugimnazija.lt\/wp-content\/uploads\/2012\/10\/1-2g-klasiu-lentele-2016-2017.pdf\" target=\"_blank\" rel=\"noopener\"> 2016-2017<\/a><\/span><\/p><p><span style=\"color: #339966;\"><a style=\"color: #339966;\" href=\"http:\/\/www.kamajugimnazija.lt\/wp-content\/uploads\/2012\/10\/3-4g-klasiu-lentele.pdf\" target=\"_blank\" rel=\"noopener\">2015-2018 m.m. 3-4g klasi\u0173<\/a><a style=\"color: #339966;\" href=\"http:\/\/www.kamajugimnazija.lt\/wp-content\/uploads\/2012\/10\/3-4g-klasiu-lentele.pdf\"> lentel<\/a><a style=\"color: #339966;\" href=\"http:\/\/www.kamajugimnazija.lt\/wp-content\/uploads\/2012\/10\/3-4g-klasiu-lentele.pdf\">\u0117<\/a><\/span><\/p><p><span style=\"color: #339966;\"><a style=\"color: #339966;\" href=\"http:\/\/www.kamajugimnazija.lt\/wp-content\/uploads\/2017\/01\/5-8-kl.-2016-2017.docx\" target=\"_blank\" rel=\"noopener\">5-8 klasi\u0173 ugdymo plano lentel\u0117<\/a><\/span><\/p><p><span style=\"color: #339966;\"><a style=\"color: #339966;\" href=\"http:\/\/www.kamajugimnazija.lt\/wp-content\/uploads\/2017\/01\/N\u0160-ir-moduliu-pasi\u016bla-2016-2017-2.docx\" target=\"_blank\" rel=\"noopener\">Neformaliojo \u0161vietimo ir pasirenkam\u0173j\u0173 dalyk\u0173 ir dalyk\u0173 moduli\u0173 programos 2016-2017 m. m.<\/a><\/span><\/p><p><span style=\"color: #339966;\"><a style=\"color: #339966;\" href=\"http:\/\/www.kamajugimnazija.lt\/wp-content\/uploads\/2017\/01\/SUSITARIMAI-DEL-GUP-2016-2017.docx\" target=\"_blank\" rel=\"noopener\">Mokyklos bendruomen\u0117s susitarimai d\u0117l 2016-2017 m. m. gimnazijos ugdymo plano<\/a><\/span><\/p>\t\t\t\t\t\t\t\t<\/div>\n\t\t\t\t<\/div>\n\t\t\t\t<div class=\"elementor-element elementor-element-68ba279 elementor-widget-divider--view-line elementor-widget elementor-widget-divider\" data-id=\"68ba279\" data-element_type=\"widget\" data-e-type=\"widget\" data-widget_type=\"divider.default\">\n\t\t\t\t<div class=\"elementor-widget-container\">\n\t\t\t\t\t\t\t<div class=\"elementor-divider\">\n\t\t\t<span class=\"elementor-divider-separator\">\n\t\t\t\t\t\t<\/span>\n\t\t<\/div>\n\t\t\t\t\t\t<\/div>\n\t\t\t\t<\/div>\n\t\t\t\t\t<\/div>\n\t\t\t\t<\/div>\n\t\t<div class=\"elementor-element elementor-element-fabcef9 e-flex e-con-boxed e-con e-parent\" data-id=\"fabcef9\" data-element_type=\"container\" data-e-type=\"container\">\n\t\t\t\t\t<div class=\"e-con-inner\">\n\t\t\t\t\t<\/div>\n\t\t\t\t<\/div>\n\t\t\t\t<\/div>\n\t\t","protected":false},"excerpt":{"rendered":"<p>2025-2026 mokslo met\u0173 ugdymo planas 2024-2025 mokslo met\u0173 ugdymo planas 2023-2024 mokslo met\u0173 ugdymo planas 2022-2023 mokslo met\u0173 ugdymo planas 2021-2022 mokslo met\u0173 ugdymo planas \u00a02020-2021 mokslo met\u0173 ugdymo planas \u00a02019-2020 mokslo met\u0173 ugdymo planas 2018-2019 mokslo met\u0173 ugdymo planas 2015 &#8211; 2018 m. m. 1 &#8211; 2g klasi\u0173 lentel\u0117 &#8211; 2016-2017 2015-2018 m.m. 3-4g [&hellip;]<\/p>\n","protected":false},"author":5,"featured_media":0,"parent":0,"menu_order":0,"comment_status":"closed","ping_status":"open","template":"","meta":{"site-sidebar-layout":"default","site-content-layout":"","ast-site-content-layout":"default","site-content-style":"default","site-sidebar-style":"default","ast-global-header-display":"","ast-banner-title-visibility":"","ast-main-header-display":"","ast-hfb-above-header-display":"","ast-hfb-below-header-display":"","ast-hfb-mobile-header-display":"","site-post-title":"","ast-breadcrumbs-content":"","ast-featured-img":"","footer-sml-layout":"","ast-disable-related-posts":"","theme-transparent-header-meta":"","adv-header-id-meta":"","stick-header-meta":"","header-above-stick-meta":"","header-main-stick-meta":"","header-below-stick-meta":"","astra-migrate-meta-layouts":"default","ast-page-background-enabled":"default","ast-page-background-meta":{"desktop":{"background-color":"var(--ast-global-color-4)","background-image":"","background-repeat":"repeat","background-position":"center center","background-size":"auto","background-attachment":"scroll","background-type":"","background-media":"","overlay-type":"","overlay-color":"","overlay-opacity":"","overlay-gradient":""},"tablet":{"background-color":"","background-image":"","background-repeat":"repeat","background-position":"center center","background-size":"auto","background-attachment":"scroll","background-type":"","background-media":"","overlay-type":"","overlay-color":"","overlay-opacity":"","overlay-gradient":""},"mobile":{"background-color":"","background-image":"","background-repeat":"repeat","background-position":"center center","background-size":"auto","background-attachment":"scroll","background-type":"","background-media":"","overlay-type":"","overlay-color":"","overlay-opacity":"","overlay-gradient":""}},"ast-content-background-meta":{"desktop":{"background-color":"var(--ast-global-color-5)","background-image":"","background-repeat":"repeat","background-position":"center center","background-size":"auto","background-attachment":"scroll","background-type":"","background-media":"","overlay-type":"","overlay-color":"","overlay-opacity":"","overlay-gradient":""},"tablet":{"background-color":"var(--ast-global-color-5)","background-image":"","background-repeat":"repeat","background-position":"center center","background-size":"auto","background-attachment":"scroll","background-type":"","background-media":"","overlay-type":"","overlay-color":"","overlay-opacity":"","overlay-gradient":""},"mobile":{"background-color":"var(--ast-global-color-5)","background-image":"","background-repeat":"repeat","background-position":"center center","background-size":"auto","background-attachment":"scroll","background-type":"","background-media":"","overlay-type":"","overlay-color":"","overlay-opacity":"","overlay-gradient":""}},"ngg_post_thumbnail":0,"_themeisle_gutenberg_block_has_review":false,"footnotes":""},"class_list":["post-244","page","type-page","status-publish","hentry"],"_links":{"self":[{"href":"https:\/\/www.kamajugimnazija.lt\/index.php?rest_route=\/wp\/v2\/pages\/244","targetHints":{"allow":["GET"]}}],"collection":[{"href":"https:\/\/www.kamajugimnazija.lt\/index.php?rest_route=\/wp\/v2\/pages"}],"about":[{"href":"https:\/\/www.kamajugimnazija.lt\/index.php?rest_route=\/wp\/v2\/types\/page"}],"author":[{"embeddable":true,"href":"https:\/\/www.kamajugimnazija.lt\/index.php?rest_route=\/wp\/v2\/users\/5"}],"replies":[{"embeddable":true,"href":"https:\/\/www.kamajugimnazija.lt\/index.php?rest_route=%2Fwp%2Fv2%2Fcomments&post=244"}],"version-history":[{"count":0,"href":"https:\/\/www.kamajugimnazija.lt\/index.php?rest_route=\/wp\/v2\/pages\/244\/revisions"}],"wp:attachment":[{"href":"https:\/\/www.kamajugimnazija.lt\/index.php?rest_route=%2Fwp%2Fv2%2Fmedia&parent=244"}],"curies":[{"name":"wp","href":"https:\/\/api.w.org\/{rel}","templated":true}]}}