{"id":265,"date":"2012-10-04T10:32:59","date_gmt":"2012-10-04T10:32:59","guid":{"rendered":"http:\/\/193.219.170.180\/~ambient\/?page_id=265"},"modified":"2024-11-19T14:40:48","modified_gmt":"2024-11-19T12:40:48","slug":"gimnazijos-taryba","status":"publish","type":"page","link":"https:\/\/www.kamajugimnazija.lt\/?page_id=265","title":{"rendered":"Gimnazijos taryba"},"content":{"rendered":"\t\t<div data-elementor-type=\"wp-page\" data-elementor-id=\"265\" class=\"elementor elementor-265\">\n\t\t\t\t<div class=\"elementor-element elementor-element-fa34ffe e-flex e-con-boxed e-con e-parent\" data-id=\"fa34ffe\" data-element_type=\"container\" data-e-type=\"container\">\n\t\t\t\t\t<div class=\"e-con-inner\">\n\t\t\t\t<div class=\"elementor-element elementor-element-a631d58 elementor-widget-divider--view-line elementor-widget elementor-widget-divider\" data-id=\"a631d58\" data-element_type=\"widget\" data-e-type=\"widget\" data-widget_type=\"divider.default\">\n\t\t\t\t<div class=\"elementor-widget-container\">\n\t\t\t\t\t\t\t<div class=\"elementor-divider\">\n\t\t\t<span class=\"elementor-divider-separator\">\n\t\t\t\t\t\t<\/span>\n\t\t<\/div>\n\t\t\t\t\t\t<\/div>\n\t\t\t\t<\/div>\n\t\t\t\t\t<\/div>\n\t\t\t\t<\/div>\n\t\t<div class=\"elementor-element elementor-element-7d98e2c e-flex e-con-boxed e-con e-parent\" data-id=\"7d98e2c\" data-element_type=\"container\" data-e-type=\"container\">\n\t\t\t\t\t<div class=\"e-con-inner\">\n\t\t\t\t<div class=\"elementor-element elementor-element-d852057 elementor-widget elementor-widget-n-accordion\" data-id=\"d852057\" data-element_type=\"widget\" data-e-type=\"widget\" data-settings=\"{&quot;default_state&quot;:&quot;expanded&quot;,&quot;max_items_expended&quot;:&quot;one&quot;,&quot;n_accordion_animation_duration&quot;:{&quot;unit&quot;:&quot;ms&quot;,&quot;size&quot;:400,&quot;sizes&quot;:[]}}\" data-widget_type=\"nested-accordion.default\">\n\t\t\t\t<div class=\"elementor-widget-container\">\n\t\t\t\t\t\t\t<div class=\"e-n-accordion\" aria-label=\"Accordion. Open links with Enter or Space, close with Escape, and navigate with Arrow Keys\">\n\t\t\t\t\t\t<details id=\"e-n-accordion-item-2260\" class=\"e-n-accordion-item\" open>\n\t\t\t\t<summary class=\"e-n-accordion-item-title\" data-accordion-index=\"1\" tabindex=\"0\" aria-expanded=\"true\" aria-controls=\"e-n-accordion-item-2260\" >\n\t\t\t\t\t<span class='e-n-accordion-item-title-header'><div class=\"e-n-accordion-item-title-text\"> 2024-2025 mokslo metai <\/div><\/span>\n\t\t\t\t\t\t\t<span class='e-n-accordion-item-title-icon'>\n\t\t\t<span class='e-opened' ><svg aria-hidden=\"true\" class=\"e-font-icon-svg e-fas-minus\" viewBox=\"0 0 448 512\" xmlns=\"http:\/\/www.w3.org\/2000\/svg\"><path d=\"M416 208H32c-17.67 0-32 14.33-32 32v32c0 17.67 14.33 32 32 32h384c17.67 0 32-14.33 32-32v-32c0-17.67-14.33-32-32-32z\"><\/path><\/svg><\/span>\n\t\t\t<span class='e-closed'><svg aria-hidden=\"true\" class=\"e-font-icon-svg e-fas-plus\" viewBox=\"0 0 448 512\" xmlns=\"http:\/\/www.w3.org\/2000\/svg\"><path d=\"M416 208H272V64c0-17.67-14.33-32-32-32h-32c-17.67 0-32 14.33-32 32v144H32c-17.67 0-32 14.33-32 32v32c0 17.67 14.33 32 32 32h144v144c0 17.67 14.33 32 32 32h32c17.67 0 32-14.33 32-32V304h144c17.67 0 32-14.33 32-32v-32c0-17.67-14.33-32-32-32z\"><\/path><\/svg><\/span>\n\t\t<\/span>\n\n\t\t\t\t\t\t<\/summary>\n\t\t\t\t<div role=\"region\" aria-labelledby=\"e-n-accordion-item-2260\" class=\"elementor-element elementor-element-7563d79 e-con-full e-flex e-con e-child\" data-id=\"7563d79\" data-element_type=\"container\" data-e-type=\"container\">\n\t\t\t\t<div class=\"elementor-element elementor-element-d285e67 elementor-widget elementor-widget-text-editor\" data-id=\"d285e67\" data-element_type=\"widget\" data-e-type=\"widget\" data-widget_type=\"text-editor.default\">\n\t\t\t\t<div class=\"elementor-widget-container\">\n\t\t\t\t\t\t\t\t\t<p><strong>Mokytojai:<\/strong><\/p><p>1. Jolanta Belei\u0161ien\u0117<br \/>2. Ramun\u0117 Glinskien\u0117<br \/>3. Alvyda Vadeikien\u0117<br \/>4. Jolanta Vyg\u0117lien\u0117 \u2013 Kamaj\u0173 bendruomen\u0117s atstov\u0117<br \/>5. Zita Vilien\u0117<br \/>6. Rita Zovien\u0117<\/p><p><strong>T\u0117vai:<\/strong><\/p><p>1. Jolita Braukylien\u0117 &#8211; pirminink\u0117<br \/>2. \u017daneta Jasinevi\u010dien\u0117 &#8211; pavaduotoja<br \/>3. Rita Petrylien\u0117<br \/>4. R\u016bta Tervydien\u0117<br \/>5. Gintar\u0117 Vinci\u016bnien\u0117<\/p><p><strong>Mokiniai:<\/strong><\/p><p>1. Meda Braukylait\u0117<br \/>2. Justina Dudonyt\u0117<br \/>3. Gabriel\u0117 Luk\u0161yt\u0117<br \/>4. Paulina Skardyt\u0117- sekretor\u0117<br \/>5. Tija Vinci\u016bnait\u0117<\/p>\t\t\t\t\t\t\t\t<\/div>\n\t\t\t\t<\/div>\n\t\t\t\t<\/div>\n\t\t\t\t\t<\/details>\n\t\t\t\t\t\t<details id=\"e-n-accordion-item-2261\" class=\"e-n-accordion-item\" >\n\t\t\t\t<summary class=\"e-n-accordion-item-title\" data-accordion-index=\"2\" tabindex=\"-1\" aria-expanded=\"false\" aria-controls=\"e-n-accordion-item-2261\" >\n\t\t\t\t\t<span class='e-n-accordion-item-title-header'><div class=\"e-n-accordion-item-title-text\"> 2023-2024 mokslo metai <\/div><\/span>\n\t\t\t\t\t\t\t<span class='e-n-accordion-item-title-icon'>\n\t\t\t<span class='e-opened' ><svg aria-hidden=\"true\" class=\"e-font-icon-svg e-fas-minus\" viewBox=\"0 0 448 512\" xmlns=\"http:\/\/www.w3.org\/2000\/svg\"><path d=\"M416 208H32c-17.67 0-32 14.33-32 32v32c0 17.67 14.33 32 32 32h384c17.67 0 32-14.33 32-32v-32c0-17.67-14.33-32-32-32z\"><\/path><\/svg><\/span>\n\t\t\t<span class='e-closed'><svg aria-hidden=\"true\" class=\"e-font-icon-svg e-fas-plus\" viewBox=\"0 0 448 512\" xmlns=\"http:\/\/www.w3.org\/2000\/svg\"><path d=\"M416 208H272V64c0-17.67-14.33-32-32-32h-32c-17.67 0-32 14.33-32 32v144H32c-17.67 0-32 14.33-32 32v32c0 17.67 14.33 32 32 32h144v144c0 17.67 14.33 32 32 32h32c17.67 0 32-14.33 32-32V304h144c17.67 0 32-14.33 32-32v-32c0-17.67-14.33-32-32-32z\"><\/path><\/svg><\/span>\n\t\t<\/span>\n\n\t\t\t\t\t\t<\/summary>\n\t\t\t\t<div role=\"region\" aria-labelledby=\"e-n-accordion-item-2261\" class=\"elementor-element elementor-element-3fa11cc e-con-full e-flex e-con e-child\" data-id=\"3fa11cc\" data-element_type=\"container\" data-e-type=\"container\">\n\t\t\t\t<div class=\"elementor-element elementor-element-1edc47a elementor-widget elementor-widget-text-editor\" data-id=\"1edc47a\" data-element_type=\"widget\" data-e-type=\"widget\" data-widget_type=\"text-editor.default\">\n\t\t\t\t<div class=\"elementor-widget-container\">\n\t\t\t\t\t\t\t\t\t<p><strong>Mokytojai:<\/strong><\/p><ol><li>Ramun\u0117 Glinskien\u0117 &#8211; nar\u0117<\/li><li>Alvyda Vadeikien\u0117 &#8211; nar\u0117<\/li><li>Jolanta Belei\u0161ien\u0117 &#8211; nar\u0117<\/li><li>Zita Vilien\u0117 &#8211; nar\u0117<\/li><li>Rita Zovien\u0117 &#8211; nar\u0117<\/li><li>Jolanta Vyg\u0117lien\u0117 \u2013 Kamaj\u0173 bendruomen\u0117s atstov\u0117<\/li><\/ol><p><strong>T\u0117vai:<\/strong><\/p><ol><li>Jolita Braukylien\u0117 &#8211; pirminink\u0117<\/li><li>\u017daneta Jasinevi\u010dien\u0117 &#8211; pavaduotoja<\/li><li>Rita Petrylien\u0117 &#8211; nar\u0117<\/li><li>R\u016bta Tervydien\u0117 &#8211; nar\u0117<\/li><li>Gintar\u0117 Vinci\u016bnien\u0117 &#8211; nar\u0117<\/li><\/ol><p><strong>Mokiniai:<\/strong><\/p><ol><li>Meda Braukylait\u0117 &#8211; nar\u0117<\/li><li>Justina Dudonyt\u0117 &#8211; nar\u0117<\/li><li>Aivaras Karosas &#8211; narys<\/li><li>Paulina Skardyt\u0117 &#8211; sekretor\u0117<\/li><li>Gabija Tuskait\u0117 &#8211; nar\u0117<\/li><\/ol>\t\t\t\t\t\t\t\t<\/div>\n\t\t\t\t<\/div>\n\t\t\t\t<\/div>\n\t\t\t\t\t<\/details>\n\t\t\t\t\t\t<details id=\"e-n-accordion-item-2262\" class=\"e-n-accordion-item\" >\n\t\t\t\t<summary class=\"e-n-accordion-item-title\" data-accordion-index=\"3\" tabindex=\"-1\" aria-expanded=\"false\" aria-controls=\"e-n-accordion-item-2262\" >\n\t\t\t\t\t<span class='e-n-accordion-item-title-header'><div class=\"e-n-accordion-item-title-text\"> 2022\u20132023 mokslo metai <\/div><\/span>\n\t\t\t\t\t\t\t<span class='e-n-accordion-item-title-icon'>\n\t\t\t<span class='e-opened' ><svg aria-hidden=\"true\" class=\"e-font-icon-svg e-fas-minus\" viewBox=\"0 0 448 512\" xmlns=\"http:\/\/www.w3.org\/2000\/svg\"><path d=\"M416 208H32c-17.67 0-32 14.33-32 32v32c0 17.67 14.33 32 32 32h384c17.67 0 32-14.33 32-32v-32c0-17.67-14.33-32-32-32z\"><\/path><\/svg><\/span>\n\t\t\t<span class='e-closed'><svg aria-hidden=\"true\" class=\"e-font-icon-svg e-fas-plus\" viewBox=\"0 0 448 512\" xmlns=\"http:\/\/www.w3.org\/2000\/svg\"><path d=\"M416 208H272V64c0-17.67-14.33-32-32-32h-32c-17.67 0-32 14.33-32 32v144H32c-17.67 0-32 14.33-32 32v32c0 17.67 14.33 32 32 32h144v144c0 17.67 14.33 32 32 32h32c17.67 0 32-14.33 32-32V304h144c17.67 0 32-14.33 32-32v-32c0-17.67-14.33-32-32-32z\"><\/path><\/svg><\/span>\n\t\t<\/span>\n\n\t\t\t\t\t\t<\/summary>\n\t\t\t\t<div role=\"region\" aria-labelledby=\"e-n-accordion-item-2262\" class=\"elementor-element elementor-element-26ec784 e-con-full e-flex e-con e-child\" data-id=\"26ec784\" data-element_type=\"container\" data-e-type=\"container\">\n\t\t\t\t<div class=\"elementor-element elementor-element-cebfe29 elementor-widget elementor-widget-text-editor\" data-id=\"cebfe29\" data-element_type=\"widget\" data-e-type=\"widget\" data-widget_type=\"text-editor.default\">\n\t\t\t\t<div class=\"elementor-widget-container\">\n\t\t\t\t\t\t\t\t\t<p><strong>Mokytojai:<\/strong><\/p><ol><li>Ramun\u0117 Glinskien\u0117 &#8211; nar\u0117<\/li><li>Jolanta Belei\u0161ien\u0117 &#8211; nar\u0117<\/li><li>Zita Vilien\u0117 &#8211; nar\u0117<\/li><li>Rita Zovien\u0117 \u2013 nar\u0117<\/li><li>Nijol\u0117 Dovyd\u0117nien\u0117 \u2013 nar\u0117<\/li><\/ol><p>Jolanta Vyg\u0117lien\u0117 \u2013 Kamaj\u0173 bendruomen\u0117s atstov\u0117<\/p><p><strong>T\u0117vai:<\/strong><\/p><ol><li>Jolita Braukylien\u0117 \u2013 tarybos pirminink\u0117<\/li><li>\u017daneta Jasinevi\u010dien\u0117 \u2013 pirminink\u0117s pavaduotoja<\/li><li>Rita Petrylien\u0117 \u2013 nar\u0117<\/li><li>Gintar\u0117 Vinci\u016bnien\u0117 &#8211; nar\u0117<\/li><li>R\u016bta Tervydien\u0117 &#8211; nar\u0117<\/li><\/ol><p><strong>Mokiniai:<\/strong><\/p><ol><li>Agn\u0117 Venslovait\u0117 &#8211; sekretor\u0117<\/li><li>Lukas Gylys &#8211; narys<\/li><li>August\u0117 Dirdait\u0117 &#8211; nar\u0117<\/li><li>Urt\u0117 \u0160akalyt\u0117 &#8211; nar\u0117<\/li><li>Samanta Jankauskait\u0117 &#8211; nar\u0117<\/li><\/ol>\t\t\t\t\t\t\t\t<\/div>\n\t\t\t\t<\/div>\n\t\t\t\t<\/div>\n\t\t\t\t\t<\/details>\n\t\t\t\t\t<\/div>\n\t\t\t\t\t\t<\/div>\n\t\t\t\t<\/div>\n\t\t\t\t<div class=\"elementor-element elementor-element-ddd7245 elementor-widget-divider--view-line elementor-widget elementor-widget-divider\" data-id=\"ddd7245\" data-element_type=\"widget\" data-e-type=\"widget\" data-widget_type=\"divider.default\">\n\t\t\t\t<div class=\"elementor-widget-container\">\n\t\t\t\t\t\t\t<div class=\"elementor-divider\">\n\t\t\t<span class=\"elementor-divider-separator\">\n\t\t\t\t\t\t<\/span>\n\t\t<\/div>\n\t\t\t\t\t\t<\/div>\n\t\t\t\t<\/div>\n\t\t\t\t\t<\/div>\n\t\t\t\t<\/div>\n\t\t\t\t<\/div>\n\t\t","protected":false},"excerpt":{"rendered":"<p>2024-2025 mokslo metai Mokytojai: 1. Jolanta Belei\u0161ien\u01172. Ramun\u0117 Glinskien\u01173. Alvyda Vadeikien\u01174. Jolanta Vyg\u0117lien\u0117 \u2013 Kamaj\u0173 bendruomen\u0117s atstov\u01175. Zita Vilien\u01176. Rita Zovien\u0117 T\u0117vai: 1. Jolita Braukylien\u0117 &#8211; pirminink\u01172. \u017daneta Jasinevi\u010dien\u0117 &#8211; pavaduotoja3. Rita Petrylien\u01174. R\u016bta Tervydien\u01175. Gintar\u0117 Vinci\u016bnien\u0117 Mokiniai: 1. Meda Braukylait\u01172. Justina Dudonyt\u01173. Gabriel\u0117 Luk\u0161yt\u01174. Paulina Skardyt\u0117- sekretor\u01175. Tija Vinci\u016bnait\u0117 2023-2024 mokslo metai Mokytojai: Ramun\u0117 [&hellip;]<\/p>\n","protected":false},"author":5,"featured_media":0,"parent":0,"menu_order":0,"comment_status":"closed","ping_status":"open","template":"","meta":{"site-sidebar-layout":"default","site-content-layout":"","ast-site-content-layout":"default","site-content-style":"default","site-sidebar-style":"default","ast-global-header-display":"","ast-banner-title-visibility":"","ast-main-header-display":"","ast-hfb-above-header-display":"","ast-hfb-below-header-display":"","ast-hfb-mobile-header-display":"","site-post-title":"","ast-breadcrumbs-content":"","ast-featured-img":"","footer-sml-layout":"","ast-disable-related-posts":"","theme-transparent-header-meta":"","adv-header-id-meta":"","stick-header-meta":"","header-above-stick-meta":"","header-main-stick-meta":"","header-below-stick-meta":"","astra-migrate-meta-layouts":"default","ast-page-background-enabled":"default","ast-page-background-meta":{"desktop":{"background-color":"var(--ast-global-color-4)","background-image":"","background-repeat":"repeat","background-position":"center center","background-size":"auto","background-attachment":"scroll","background-type":"","background-media":"","overlay-type":"","overlay-color":"","overlay-opacity":"","overlay-gradient":""},"tablet":{"background-color":"","background-image":"","background-repeat":"repeat","background-position":"center center","background-size":"auto","background-attachment":"scroll","background-type":"","background-media":"","overlay-type":"","overlay-color":"","overlay-opacity":"","overlay-gradient":""},"mobile":{"background-color":"","background-image":"","background-repeat":"repeat","background-position":"center center","background-size":"auto","background-attachment":"scroll","background-type":"","background-media":"","overlay-type":"","overlay-color":"","overlay-opacity":"","overlay-gradient":""}},"ast-content-background-meta":{"desktop":{"background-color":"var(--ast-global-color-5)","background-image":"","background-repeat":"repeat","background-position":"center center","background-size":"auto","background-attachment":"scroll","background-type":"","background-media":"","overlay-type":"","overlay-color":"","overlay-opacity":"","overlay-gradient":""},"tablet":{"background-color":"var(--ast-global-color-5)","background-image":"","background-repeat":"repeat","background-position":"center center","background-size":"auto","background-attachment":"scroll","background-type":"","background-media":"","overlay-type":"","overlay-color":"","overlay-opacity":"","overlay-gradient":""},"mobile":{"background-color":"var(--ast-global-color-5)","background-image":"","background-repeat":"repeat","background-position":"center center","background-size":"auto","background-attachment":"scroll","background-type":"","background-media":"","overlay-type":"","overlay-color":"","overlay-opacity":"","overlay-gradient":""}},"ngg_post_thumbnail":0,"_themeisle_gutenberg_block_has_review":false,"footnotes":""},"class_list":["post-265","page","type-page","status-publish","hentry"],"_links":{"self":[{"href":"https:\/\/www.kamajugimnazija.lt\/index.php?rest_route=\/wp\/v2\/pages\/265","targetHints":{"allow":["GET"]}}],"collection":[{"href":"https:\/\/www.kamajugimnazija.lt\/index.php?rest_route=\/wp\/v2\/pages"}],"about":[{"href":"https:\/\/www.kamajugimnazija.lt\/index.php?rest_route=\/wp\/v2\/types\/page"}],"author":[{"embeddable":true,"href":"https:\/\/www.kamajugimnazija.lt\/index.php?rest_route=\/wp\/v2\/users\/5"}],"replies":[{"embeddable":true,"href":"https:\/\/www.kamajugimnazija.lt\/index.php?rest_route=%2Fwp%2Fv2%2Fcomments&post=265"}],"version-history":[{"count":0,"href":"https:\/\/www.kamajugimnazija.lt\/index.php?rest_route=\/wp\/v2\/pages\/265\/revisions"}],"wp:attachment":[{"href":"https:\/\/www.kamajugimnazija.lt\/index.php?rest_route=%2Fwp%2Fv2%2Fmedia&parent=265"}],"curies":[{"name":"wp","href":"https:\/\/api.w.org\/{rel}","templated":true}]}}