{"id":271,"date":"2012-10-04T10:36:27","date_gmt":"2012-10-04T10:36:27","guid":{"rendered":"http:\/\/193.219.170.180\/~ambient\/?page_id=271"},"modified":"2026-02-10T10:46:01","modified_gmt":"2026-02-10T08:46:01","slug":"biblioteka","status":"publish","type":"page","link":"https:\/\/www.kamajugimnazija.lt\/biblioteka\/","title":{"rendered":"Biblioteka"},"content":{"rendered":"\t\t<div data-elementor-type=\"wp-page\" data-elementor-id=\"271\" class=\"elementor elementor-271\">\n\t\t\t\t<div class=\"elementor-element elementor-element-c10f2e3 e-flex e-con-boxed e-con e-parent\" data-id=\"c10f2e3\" data-element_type=\"container\" data-e-type=\"container\">\n\t\t\t\t\t<div class=\"e-con-inner\">\n\t\t\t\t<div class=\"elementor-element elementor-element-e680032 elementor-widget-divider--view-line elementor-widget elementor-widget-divider\" data-id=\"e680032\" data-element_type=\"widget\" data-e-type=\"widget\" data-widget_type=\"divider.default\">\n\t\t\t\t<div class=\"elementor-widget-container\">\n\t\t\t\t\t\t\t<div class=\"elementor-divider\">\n\t\t\t<span class=\"elementor-divider-separator\">\n\t\t\t\t\t\t<\/span>\n\t\t<\/div>\n\t\t\t\t\t\t<\/div>\n\t\t\t\t<\/div>\n\t\t\t\t\t<\/div>\n\t\t\t\t<\/div>\n\t\t<div class=\"elementor-element elementor-element-841405b e-grid e-con-boxed e-con e-parent\" data-id=\"841405b\" data-element_type=\"container\" data-e-type=\"container\">\n\t\t\t\t\t<div class=\"e-con-inner\">\n\t\t\t\t<div class=\"elementor-element elementor-element-d46af88 elementor-widget elementor-widget-image\" data-id=\"d46af88\" data-element_type=\"widget\" data-e-type=\"widget\" data-widget_type=\"image.default\">\n\t\t\t\t<div class=\"elementor-widget-container\">\n\t\t\t\t\t\t\t\t\t\t\t\t<figure class=\"wp-caption\">\n\t\t\t\t\t\t\t\t\t\t\t<a href=\"http:\/\/www.kamajugimnazija.lt\/wp-content\/uploads\/2018\/05\/Jolanta-La%C5%A1ien%C4%97-600-x-337.jpg\">\n\t\t\t\t\t\t\t<img decoding=\"async\" src=\"http:\/\/www.kamajugimnazija.lt\/wp-content\/uploads\/2018\/05\/Jolanta-La%C5%A1ien%C4%97-600-x-337.jpg\" title=\"\" alt=\"\" loading=\"lazy\" \/>\t\t\t\t\t\t\t\t<\/a>\n\t\t\t\t\t\t\t\t\t\t\t<figcaption class=\"widget-image-caption wp-caption-text\">Bibliotekinink\u0117 Jolanta La\u0161ien\u0117<\/figcaption>\n\t\t\t\t\t\t\t\t\t\t<\/figure>\n\t\t\t\t\t\t\t\t\t<\/div>\n\t\t\t\t<\/div>\n\t\t\t\t<div class=\"elementor-element elementor-element-256f9b2 elementor-widget elementor-widget-text-editor\" data-id=\"256f9b2\" data-element_type=\"widget\" data-e-type=\"widget\" data-widget_type=\"text-editor.default\">\n\t\t\t\t<div class=\"elementor-widget-container\">\n\t\t\t\t\t\t\t\t\t<p>Gim.1972-07-27, Roki\u0161kio r.<\/p><p>I\u0161silavinimas:<\/p><p>2004 m. \u0160iauli\u0173 universitetas, socialinio darbo bakalauro kvalifikacinis laipsnis, socialinio pedagogo profesin\u0117 kvalifikacija;<\/p><p>1992 m. Vilniaus auk\u0161tesnioji prekybos mokykla, knyg\u0173 prekybos organizatoriaus kvalifikacija.<\/p><p>El. pa\u0161tas: jole.las@gmail.com<\/p><p>\u00a0<\/p>\t\t\t\t\t\t\t\t<\/div>\n\t\t\t\t<\/div>\n\t\t\t\t\t<\/div>\n\t\t\t\t<\/div>\n\t\t<div class=\"elementor-element elementor-element-0e6f839 e-flex e-con-boxed e-con e-parent\" data-id=\"0e6f839\" data-element_type=\"container\" data-e-type=\"container\">\n\t\t\t\t\t<div class=\"e-con-inner\">\n\t\t\t\t<div class=\"elementor-element elementor-element-3736d45 elementor-widget-divider--view-line elementor-widget elementor-widget-divider\" data-id=\"3736d45\" data-element_type=\"widget\" data-e-type=\"widget\" data-widget_type=\"divider.default\">\n\t\t\t\t<div class=\"elementor-widget-container\">\n\t\t\t\t\t\t\t<div class=\"elementor-divider\">\n\t\t\t<span class=\"elementor-divider-separator\">\n\t\t\t\t\t\t<\/span>\n\t\t<\/div>\n\t\t\t\t\t\t<\/div>\n\t\t\t\t<\/div>\n\t\t\t\t<div class=\"elementor-element elementor-element-db05fda elementor-widget elementor-widget-text-editor\" data-id=\"db05fda\" data-element_type=\"widget\" data-e-type=\"widget\" data-widget_type=\"text-editor.default\">\n\t\t\t\t<div class=\"elementor-widget-container\">\n\t\t\t\t\t\t\t\t\t<p style=\"text-align: center;\"><strong>Darbo grafikas<\/strong><\/p><table width=\"397\"><tbody><tr><td width=\"159\">Savait\u0117s dienos<\/td><td width=\"106\">Darbo laikas<\/td><td width=\"132\">Piet\u0173 pertrauka<\/td><\/tr><tr><td width=\"159\">Pirmadienis-penktadienis<\/td><td width=\"106\">7:30-14:00<\/td><td width=\"132\">11:40-12:10<\/td><\/tr><\/tbody><\/table>\t\t\t\t\t\t\t\t<\/div>\n\t\t\t\t<\/div>\n\t\t\t\t\t<\/div>\n\t\t\t\t<\/div>\n\t\t<div class=\"elementor-element elementor-element-fd0d34e e-flex e-con-boxed e-con e-parent\" data-id=\"fd0d34e\" data-element_type=\"container\" data-e-type=\"container\">\n\t\t\t\t\t<div class=\"e-con-inner\">\n\t\t\t\t<div class=\"elementor-element elementor-element-b4b6ce4 elementor-widget-divider--view-line elementor-widget elementor-widget-divider\" data-id=\"b4b6ce4\" data-element_type=\"widget\" data-e-type=\"widget\" data-widget_type=\"divider.default\">\n\t\t\t\t<div class=\"elementor-widget-container\">\n\t\t\t\t\t\t\t<div class=\"elementor-divider\">\n\t\t\t<span class=\"elementor-divider-separator\">\n\t\t\t\t\t\t<\/span>\n\t\t<\/div>\n\t\t\t\t\t\t<\/div>\n\t\t\t\t<\/div>\n\t\t\t\t\t<\/div>\n\t\t\t\t<\/div>\n\t\t<div class=\"elementor-element elementor-element-03295d8 e-flex e-con-boxed e-con e-parent\" data-id=\"03295d8\" data-element_type=\"container\" data-e-type=\"container\">\n\t\t\t\t\t<div class=\"e-con-inner\">\n\t\t\t\t<div class=\"elementor-element elementor-element-ca1f43d elementor-widget elementor-widget-n-accordion\" data-id=\"ca1f43d\" data-element_type=\"widget\" data-e-type=\"widget\" data-settings=\"{&quot;n_accordion_animation_duration&quot;:{&quot;unit&quot;:&quot;ms&quot;,&quot;size&quot;:300,&quot;sizes&quot;:[]},&quot;default_state&quot;:&quot;expanded&quot;,&quot;max_items_expended&quot;:&quot;one&quot;}\" data-widget_type=\"nested-accordion.default\">\n\t\t\t\t<div class=\"elementor-widget-container\">\n\t\t\t\t\t\t\t<div class=\"e-n-accordion\" aria-label=\"Accordion. Open links with Enter or Space, close with Escape, and navigate with Arrow Keys\">\n\t\t\t\t\t\t<details id=\"e-n-accordion-item-2110\" class=\"e-n-accordion-item\" open>\n\t\t\t\t<summary class=\"e-n-accordion-item-title\" data-accordion-index=\"1\" tabindex=\"0\" aria-expanded=\"true\" aria-controls=\"e-n-accordion-item-2110\" >\n\t\t\t\t\t<span class='e-n-accordion-item-title-header'><div class=\"e-n-accordion-item-title-text\"> Veiklos <\/div><\/span>\n\t\t\t\t\t\t\t<span class='e-n-accordion-item-title-icon'>\n\t\t\t<span class='e-opened' ><svg aria-hidden=\"true\" class=\"e-font-icon-svg e-fas-book-open\" viewBox=\"0 0 576 512\" xmlns=\"http:\/\/www.w3.org\/2000\/svg\"><path d=\"M542.22 32.05c-54.8 3.11-163.72 14.43-230.96 55.59-4.64 2.84-7.27 7.89-7.27 13.17v363.87c0 11.55 12.63 18.85 23.28 13.49 69.18-34.82 169.23-44.32 218.7-46.92 16.89-.89 30.02-14.43 30.02-30.66V62.75c.01-17.71-15.35-31.74-33.77-30.7zM264.73 87.64C197.5 46.48 88.58 35.17 33.78 32.05 15.36 31.01 0 45.04 0 62.75V400.6c0 16.24 13.13 29.78 30.02 30.66 49.49 2.6 149.59 12.11 218.77 46.95 10.62 5.35 23.21-1.94 23.21-13.46V100.63c0-5.29-2.62-10.14-7.27-12.99z\"><\/path><\/svg><\/span>\n\t\t\t<span class='e-closed'><svg aria-hidden=\"true\" class=\"e-font-icon-svg e-fas-book\" viewBox=\"0 0 448 512\" xmlns=\"http:\/\/www.w3.org\/2000\/svg\"><path d=\"M448 360V24c0-13.3-10.7-24-24-24H96C43 0 0 43 0 96v320c0 53 43 96 96 96h328c13.3 0 24-10.7 24-24v-16c0-7.5-3.5-14.3-8.9-18.7-4.2-15.4-4.2-59.3 0-74.7 5.4-4.3 8.9-11.1 8.9-18.6zM128 134c0-3.3 2.7-6 6-6h212c3.3 0 6 2.7 6 6v20c0 3.3-2.7 6-6 6H134c-3.3 0-6-2.7-6-6v-20zm0 64c0-3.3 2.7-6 6-6h212c3.3 0 6 2.7 6 6v20c0 3.3-2.7 6-6 6H134c-3.3 0-6-2.7-6-6v-20zm253.4 250H96c-17.7 0-32-14.3-32-32 0-17.6 14.4-32 32-32h285.4c-1.9 17.1-1.9 46.9 0 64z\"><\/path><\/svg><\/span>\n\t\t<\/span>\n\n\t\t\t\t\t\t<\/summary>\n\t\t\t\t<div role=\"region\" aria-labelledby=\"e-n-accordion-item-2110\" class=\"elementor-element elementor-element-7cc6a99 e-con-full e-flex e-con e-child\" data-id=\"7cc6a99\" data-element_type=\"container\" data-e-type=\"container\">\n\t\t\t\t<div class=\"elementor-element elementor-element-9083e82 elementor-widget elementor-widget-text-editor\" data-id=\"9083e82\" data-element_type=\"widget\" data-e-type=\"widget\" data-widget_type=\"text-editor.default\">\n\t\t\t\t<div class=\"elementor-widget-container\">\n\t\t\t\t\t\t\t\t\t<p><a href=\"https:\/\/www.kamajugimnazija.lt\/wp-content\/uploads\/2026\/02\/bibliotekos-veikla-2026.pdf\" target=\"_blank\" rel=\"noopener\">Bibliotekos veikla 2026 metais<\/a><br \/><br \/><a href=\"https:\/\/www.kamajugimnazija.lt\/wp-content\/uploads\/2026\/02\/bibliotekos-veikla-2025.pdf\" target=\"_blank\" rel=\"noopener\">Bibliotekos veikla 2025 metais<\/a><\/p><p><a href=\"https:\/\/www.kamajugimnazija.lt\/wp-content\/uploads\/2024\/11\/bibliotekos-veikla-2024.pdf\" target=\"_blank\" rel=\"noopener\">Bibliotekos veikla 2024 metais<\/a><\/p><p><a href=\"https:\/\/www.kamajugimnazija.lt\/wp-content\/uploads\/2024\/11\/bibliotekos-veikla-2023.pdf\" target=\"_blank\" rel=\"noopener\">Bibliotekos veikla 2023 metais<\/a><\/p><p><a href=\"https:\/\/www.kamajugimnazija.lt\/wp-content\/uploads\/2022\/10\/bibliotekos-veikla-2022-\u2013-kopija.pdf\" target=\"_blank\" rel=\"noopener\">Bibliotekos veikla 2022 metais<\/a><\/p><p><a href=\"https:\/\/www.kamajugimnazija.lt\/wp-content\/uploads\/2022\/10\/2021-m.-veiklos-planas.pdf\" target=\"_blank\" rel=\"noopener\">Bibliotekos veikla 2021 metais<\/a><\/p><p><a href=\"http:\/\/www.kamajugimnazija.lt\/wp-content\/uploads\/2020\/02\/bibliotekos-veikla-2020.pdf\" target=\"_blank\" rel=\"noopener\">Bibliotekos veikla 2020 metais<\/a><\/p><p><a href=\"http:\/\/www.kamajugimnazija.lt\/wp-content\/uploads\/2020\/02\/bibliotekos-veikla-2019.pdf\" target=\"_blank\" rel=\"noopener\">Bibliotekos veikla 2019 metais<\/a><\/p><p><a href=\"http:\/\/www.kamajugimnazija.lt\/wp-content\/uploads\/2018\/08\/bibliotekos-veikla-2018.pdf\" target=\"_blank\" rel=\"noopener\">Bibliotekos veikla 2018 metais<\/a><\/p><p><a href=\"http:\/\/www.kamajugimnazija.lt\/wp-content\/uploads\/2018\/08\/bibliotekos-veikla-2017.pdf\" target=\"_blank\" rel=\"noopener\">Bibliotekos veikla 2017 metais<\/a><\/p><p><a href=\"http:\/\/www.kamajugimnazija.lt\/wp-content\/uploads\/2012\/10\/Bibliotekos-veikla-2016-metais-1.pdf\">Bibliotekos veikla 2016 metais<\/a><\/p>\t\t\t\t\t\t\t\t<\/div>\n\t\t\t\t<\/div>\n\t\t\t\t<\/div>\n\t\t\t\t\t<\/details>\n\t\t\t\t\t<\/div>\n\t\t\t\t\t\t<\/div>\n\t\t\t\t<\/div>\n\t\t\t\t\t<\/div>\n\t\t\t\t<\/div>\n\t\t<div class=\"elementor-element elementor-element-039d63a e-flex e-con-boxed e-con e-parent\" data-id=\"039d63a\" data-element_type=\"container\" data-e-type=\"container\">\n\t\t\t\t\t<div class=\"e-con-inner\">\n\t\t\t\t<div class=\"elementor-element elementor-element-60e9191 elementor-widget-divider--view-line elementor-widget elementor-widget-divider\" data-id=\"60e9191\" data-element_type=\"widget\" data-e-type=\"widget\" data-widget_type=\"divider.default\">\n\t\t\t\t<div class=\"elementor-widget-container\">\n\t\t\t\t\t\t\t<div class=\"elementor-divider\">\n\t\t\t<span class=\"elementor-divider-separator\">\n\t\t\t\t\t\t<\/span>\n\t\t<\/div>\n\t\t\t\t\t\t<\/div>\n\t\t\t\t<\/div>\n\t\t\t\t\t<\/div>\n\t\t\t\t<\/div>\n\t\t\t\t<\/div>\n\t\t","protected":false},"excerpt":{"rendered":"<p>Bibliotekinink\u0117 Jolanta La\u0161ien\u0117 Gim.1972-07-27, Roki\u0161kio r. I\u0161silavinimas: 2004 m. \u0160iauli\u0173 universitetas, socialinio darbo bakalauro kvalifikacinis laipsnis, socialinio pedagogo profesin\u0117 kvalifikacija; 1992 m. Vilniaus auk\u0161tesnioji prekybos mokykla, knyg\u0173 prekybos organizatoriaus kvalifikacija. El. pa\u0161tas: jole.las@gmail.com \u00a0 Darbo grafikas Savait\u0117s dienos Darbo laikas Piet\u0173 pertrauka Pirmadienis-penktadienis 7:30-14:00 11:40-12:10 Veiklos Bibliotekos veikla 2026 metais Bibliotekos veikla 2025 metais Bibliotekos [&hellip;]<\/p>\n","protected":false},"author":5,"featured_media":0,"parent":0,"menu_order":0,"comment_status":"closed","ping_status":"open","template":"","meta":{"site-sidebar-layout":"default","site-content-layout":"","ast-site-content-layout":"default","site-content-style":"default","site-sidebar-style":"default","ast-global-header-display":"","ast-banner-title-visibility":"","ast-main-header-display":"","ast-hfb-above-header-display":"","ast-hfb-below-header-display":"","ast-hfb-mobile-header-display":"","site-post-title":"","ast-breadcrumbs-content":"","ast-featured-img":"","footer-sml-layout":"","ast-disable-related-posts":"","theme-transparent-header-meta":"","adv-header-id-meta":"","stick-header-meta":"","header-above-stick-meta":"","header-main-stick-meta":"","header-below-stick-meta":"","astra-migrate-meta-layouts":"default","ast-page-background-enabled":"default","ast-page-background-meta":{"desktop":{"background-color":"var(--ast-global-color-4)","background-image":"","background-repeat":"repeat","background-position":"center center","background-size":"auto","background-attachment":"scroll","background-type":"","background-media":"","overlay-type":"","overlay-color":"","overlay-opacity":"","overlay-gradient":""},"tablet":{"background-color":"","background-image":"","background-repeat":"repeat","background-position":"center center","background-size":"auto","background-attachment":"scroll","background-type":"","background-media":"","overlay-type":"","overlay-color":"","overlay-opacity":"","overlay-gradient":""},"mobile":{"background-color":"","background-image":"","background-repeat":"repeat","background-position":"center center","background-size":"auto","background-attachment":"scroll","background-type":"","background-media":"","overlay-type":"","overlay-color":"","overlay-opacity":"","overlay-gradient":""}},"ast-content-background-meta":{"desktop":{"background-color":"var(--ast-global-color-5)","background-image":"","background-repeat":"repeat","background-position":"center center","background-size":"auto","background-attachment":"scroll","background-type":"","background-media":"","overlay-type":"","overlay-color":"","overlay-opacity":"","overlay-gradient":""},"tablet":{"background-color":"var(--ast-global-color-5)","background-image":"","background-repeat":"repeat","background-position":"center center","background-size":"auto","background-attachment":"scroll","background-type":"","background-media":"","overlay-type":"","overlay-color":"","overlay-opacity":"","overlay-gradient":""},"mobile":{"background-color":"var(--ast-global-color-5)","background-image":"","background-repeat":"repeat","background-position":"center center","background-size":"auto","background-attachment":"scroll","background-type":"","background-media":"","overlay-type":"","overlay-color":"","overlay-opacity":"","overlay-gradient":""}},"ngg_post_thumbnail":0,"footnotes":""},"class_list":["post-271","page","type-page","status-publish","hentry"],"_links":{"self":[{"href":"https:\/\/www.kamajugimnazija.lt\/wp-json\/wp\/v2\/pages\/271","targetHints":{"allow":["GET"]}}],"collection":[{"href":"https:\/\/www.kamajugimnazija.lt\/wp-json\/wp\/v2\/pages"}],"about":[{"href":"https:\/\/www.kamajugimnazija.lt\/wp-json\/wp\/v2\/types\/page"}],"author":[{"embeddable":true,"href":"https:\/\/www.kamajugimnazija.lt\/wp-json\/wp\/v2\/users\/5"}],"replies":[{"embeddable":true,"href":"https:\/\/www.kamajugimnazija.lt\/wp-json\/wp\/v2\/comments?post=271"}],"version-history":[{"count":0,"href":"https:\/\/www.kamajugimnazija.lt\/wp-json\/wp\/v2\/pages\/271\/revisions"}],"wp:attachment":[{"href":"https:\/\/www.kamajugimnazija.lt\/wp-json\/wp\/v2\/media?parent=271"}],"curies":[{"name":"wp","href":"https:\/\/api.w.org\/{rel}","templated":true}]}}