{"id":5951,"date":"2023-07-13T05:10:32","date_gmt":"2023-07-13T03:10:32","guid":{"rendered":"http:\/\/www.kamajugimnazija.lt\/?page_id=5951"},"modified":"2026-02-09T15:18:06","modified_gmt":"2026-02-09T13:18:06","slug":"darbo-pasiulymai","status":"publish","type":"page","link":"https:\/\/www.kamajugimnazija.lt\/?page_id=5951","title":{"rendered":"Darbo pasi\u016blymai"},"content":{"rendered":"\t\t<div data-elementor-type=\"wp-page\" data-elementor-id=\"5951\" class=\"elementor elementor-5951\">\n\t\t\t\t<div class=\"elementor-element elementor-element-6c2ec83 e-flex e-con-boxed e-con e-parent\" data-id=\"6c2ec83\" data-element_type=\"container\" data-e-type=\"container\">\n\t\t\t\t\t<div class=\"e-con-inner\">\n\t\t\t\t<div class=\"elementor-element elementor-element-bb33790 elementor-widget-divider--view-line elementor-widget elementor-widget-divider\" data-id=\"bb33790\" data-element_type=\"widget\" data-e-type=\"widget\" data-widget_type=\"divider.default\">\n\t\t\t\t<div class=\"elementor-widget-container\">\n\t\t\t\t\t\t\t<div class=\"elementor-divider\">\n\t\t\t<span class=\"elementor-divider-separator\">\n\t\t\t\t\t\t<\/span>\n\t\t<\/div>\n\t\t\t\t\t\t<\/div>\n\t\t\t\t<\/div>\n\t\t\t\t\t<\/div>\n\t\t\t\t<\/div>\n\t\t<div class=\"elementor-element elementor-element-86eea9c e-flex e-con-boxed e-con e-parent\" data-id=\"86eea9c\" data-element_type=\"container\" data-e-type=\"container\">\n\t\t\t\t\t<div class=\"e-con-inner\">\n\t\t\t\t<div class=\"elementor-element elementor-element-6287443 elementor-widget elementor-widget-text-editor\" data-id=\"6287443\" data-element_type=\"widget\" data-e-type=\"widget\" data-widget_type=\"text-editor.default\">\n\t\t\t\t<div class=\"elementor-widget-container\">\n\t\t\t\t\t\t\t\t\t<p><span style=\"color: #339966;\"><a style=\"color: #339966;\" href=\"https:\/\/www.kamajugimnazija.lt\/wp-content\/uploads\/2024\/10\/Atranka-CHOREOGRAFIJOS-mokytojo.pdf\" target=\"_blank\" rel=\"noopener\"><b>SKELBIA ATRANK\u0104 ROKI\u0160KIO R. KAMAJ\u0172 ANTANO STRAZDO GIMNAZIJA NEFORMALIOJO \u0160VIETIMO SKYRIAUS CHOREOGRAFIJOS MOKYTOJO PAREIGOMS U\u017dIMTI<\/b><\/a><\/span><\/p><p><span style=\"color: #008000;\"><a style=\"color: #008000;\" href=\"https:\/\/www.kamajugimnazija.lt\/wp-content\/uploads\/2026\/02\/Atranka-SOCIALINIO-PEDAGOGO.pdf\" target=\"_blank\" rel=\"noopener\"><strong><span style=\"color: #339966;\">SKELBIA ATRANK\u0104 ROKI\u0160KIO R. KAMAJ\u0172 ANTANO STRAZDO GIMNAZIJOS SOCIALINIO PEDAGOGO PAREIGOMS U\u017dIMTI<\/span><\/strong><\/a><\/span><\/p><p><span style=\"color: #339966;\"><strong>\u00a0<\/strong><\/span><\/p>\t\t\t\t\t\t\t\t<\/div>\n\t\t\t\t<\/div>\n\t\t\t\t\t<\/div>\n\t\t\t\t<\/div>\n\t\t<div class=\"elementor-element elementor-element-8a95f9b e-flex e-con-boxed e-con e-parent\" data-id=\"8a95f9b\" data-element_type=\"container\" data-e-type=\"container\">\n\t\t\t\t\t<div class=\"e-con-inner\">\n\t\t\t\t<div class=\"elementor-element elementor-element-4fe489b elementor-widget-divider--view-line elementor-widget elementor-widget-divider\" data-id=\"4fe489b\" data-element_type=\"widget\" data-e-type=\"widget\" data-widget_type=\"divider.default\">\n\t\t\t\t<div class=\"elementor-widget-container\">\n\t\t\t\t\t\t\t<div class=\"elementor-divider\">\n\t\t\t<span class=\"elementor-divider-separator\">\n\t\t\t\t\t\t<\/span>\n\t\t<\/div>\n\t\t\t\t\t\t<\/div>\n\t\t\t\t<\/div>\n\t\t\t\t\t<\/div>\n\t\t\t\t<\/div>\n\t\t\t\t<\/div>\n\t\t","protected":false},"excerpt":{"rendered":"<p>SKELBIA ATRANK\u0104 ROKI\u0160KIO R. KAMAJ\u0172 ANTANO STRAZDO GIMNAZIJA NEFORMALIOJO \u0160VIETIMO SKYRIAUS CHOREOGRAFIJOS MOKYTOJO PAREIGOMS U\u017dIMTI SKELBIA ATRANK\u0104 ROKI\u0160KIO R. KAMAJ\u0172 ANTANO STRAZDO GIMNAZIJOS SOCIALINIO PEDAGOGO PAREIGOMS U\u017dIMTI \u00a0<\/p>\n","protected":false},"author":5,"featured_media":0,"parent":0,"menu_order":0,"comment_status":"closed","ping_status":"closed","template":"","meta":{"site-sidebar-layout":"default","site-content-layout":"","ast-site-content-layout":"default","site-content-style":"default","site-sidebar-style":"default","ast-global-header-display":"","ast-banner-title-visibility":"","ast-main-header-display":"","ast-hfb-above-header-display":"","ast-hfb-below-header-display":"","ast-hfb-mobile-header-display":"","site-post-title":"","ast-breadcrumbs-content":"","ast-featured-img":"","footer-sml-layout":"","ast-disable-related-posts":"","theme-transparent-header-meta":"default","adv-header-id-meta":"","stick-header-meta":"","header-above-stick-meta":"","header-main-stick-meta":"","header-below-stick-meta":"","astra-migrate-meta-layouts":"set","ast-page-background-enabled":"default","ast-page-background-meta":{"desktop":{"background-color":"var(--ast-global-color-4)","background-image":"","background-repeat":"repeat","background-position":"center center","background-size":"auto","background-attachment":"scroll","background-type":"","background-media":"","overlay-type":"","overlay-color":"","overlay-opacity":"","overlay-gradient":""},"tablet":{"background-color":"","background-image":"","background-repeat":"repeat","background-position":"center center","background-size":"auto","background-attachment":"scroll","background-type":"","background-media":"","overlay-type":"","overlay-color":"","overlay-opacity":"","overlay-gradient":""},"mobile":{"background-color":"","background-image":"","background-repeat":"repeat","background-position":"center center","background-size":"auto","background-attachment":"scroll","background-type":"","background-media":"","overlay-type":"","overlay-color":"","overlay-opacity":"","overlay-gradient":""}},"ast-content-background-meta":{"desktop":{"background-color":"var(--ast-global-color-5)","background-image":"","background-repeat":"repeat","background-position":"center center","background-size":"auto","background-attachment":"scroll","background-type":"","background-media":"","overlay-type":"","overlay-color":"","overlay-opacity":"","overlay-gradient":""},"tablet":{"background-color":"var(--ast-global-color-5)","background-image":"","background-repeat":"repeat","background-position":"center center","background-size":"auto","background-attachment":"scroll","background-type":"","background-media":"","overlay-type":"","overlay-color":"","overlay-opacity":"","overlay-gradient":""},"mobile":{"background-color":"var(--ast-global-color-5)","background-image":"","background-repeat":"repeat","background-position":"center center","background-size":"auto","background-attachment":"scroll","background-type":"","background-media":"","overlay-type":"","overlay-color":"","overlay-opacity":"","overlay-gradient":""}},"ngg_post_thumbnail":0,"_themeisle_gutenberg_block_has_review":false,"footnotes":""},"class_list":["post-5951","page","type-page","status-publish","hentry"],"_links":{"self":[{"href":"https:\/\/www.kamajugimnazija.lt\/index.php?rest_route=\/wp\/v2\/pages\/5951","targetHints":{"allow":["GET"]}}],"collection":[{"href":"https:\/\/www.kamajugimnazija.lt\/index.php?rest_route=\/wp\/v2\/pages"}],"about":[{"href":"https:\/\/www.kamajugimnazija.lt\/index.php?rest_route=\/wp\/v2\/types\/page"}],"author":[{"embeddable":true,"href":"https:\/\/www.kamajugimnazija.lt\/index.php?rest_route=\/wp\/v2\/users\/5"}],"replies":[{"embeddable":true,"href":"https:\/\/www.kamajugimnazija.lt\/index.php?rest_route=%2Fwp%2Fv2%2Fcomments&post=5951"}],"version-history":[{"count":6,"href":"https:\/\/www.kamajugimnazija.lt\/index.php?rest_route=\/wp\/v2\/pages\/5951\/revisions"}],"predecessor-version":[{"id":25537,"href":"https:\/\/www.kamajugimnazija.lt\/index.php?rest_route=\/wp\/v2\/pages\/5951\/revisions\/25537"}],"wp:attachment":[{"href":"https:\/\/www.kamajugimnazija.lt\/index.php?rest_route=%2Fwp%2Fv2%2Fmedia&parent=5951"}],"curies":[{"name":"wp","href":"https:\/\/api.w.org\/{rel}","templated":true}]}}